{"id":122,"date":"2022-04-05T16:26:34","date_gmt":"2022-04-05T14:26:34","guid":{"rendered":"http:\/\/www.villas-sunrays.com\/?page_id=122"},"modified":"2022-06-17T21:16:29","modified_gmt":"2022-06-17T19:16:29","slug":"notre-accueil-nos-villas","status":"publish","type":"page","link":"https:\/\/www.villas-sunrays.com\/index.php\/notre-accueil-nos-villas\/","title":{"rendered":"Infos Pratiques"},"content":{"rendered":"\t\t<div data-elementor-type=\"wp-page\" data-elementor-id=\"122\" class=\"elementor elementor-122\">\n\t\t\t\t\t\t<section class=\"elementor-section elementor-top-section elementor-element elementor-element-500a4a12 elementor-section-boxed elementor-section-height-default elementor-section-height-default\" data-id=\"500a4a12\" data-element_type=\"section\">\n\t\t\t\t\t\t<div class=\"elementor-container elementor-column-gap-default\">\n\t\t\t\t\t<div class=\"elementor-column elementor-col-100 elementor-top-column elementor-element elementor-element-3b3153bc\" data-id=\"3b3153bc\" data-element_type=\"column\">\n\t\t\t<div class=\"elementor-widget-wrap elementor-element-populated\">\n\t\t\t\t\t\t<div class=\"elementor-element elementor-element-5ee8a76a elementor-widget elementor-widget-text-editor\" data-id=\"5ee8a76a\" data-element_type=\"widget\" data-widget_type=\"text-editor.default\">\n\t\t\t\t<div class=\"elementor-widget-container\">\n\t\t\t<style>\/*! elementor - v3.19.0 - 28-02-2024 *\/\n.elementor-widget-text-editor.elementor-drop-cap-view-stacked .elementor-drop-cap{background-color:#69727d;color:#fff}.elementor-widget-text-editor.elementor-drop-cap-view-framed .elementor-drop-cap{color:#69727d;border:3px solid;background-color:transparent}.elementor-widget-text-editor:not(.elementor-drop-cap-view-default) .elementor-drop-cap{margin-top:8px}.elementor-widget-text-editor:not(.elementor-drop-cap-view-default) .elementor-drop-cap-letter{width:1em;height:1em}.elementor-widget-text-editor .elementor-drop-cap{float:left;text-align:center;line-height:1;font-size:50px}.elementor-widget-text-editor .elementor-drop-cap-letter{display:inline-block}<\/style>\t\t\t\t<p><!-- wp:paragraph --><\/p>\n<p>L\u2019appartement Ajoupa et Mirosia des villas Sunrays pour 8 \u00e0 10 personnes, se trouve dans une maison typique r\u00e9cemment r\u00e9nov\u00e9e, dans un quartier calme. louer 1 semaine minimum. Vous serez \u00e0 10 min en voiture des plus belles plages de l\u2019\u00eele (Les Salines, Cap Macr\u00e9, Cap Chevalier, Pointe Marin\u2026) o\u00f9 il vous sera possible de d\u00e9couvrir de nombreuses activit\u00e9s baln\u00e9aires (plong\u00e9e, paddle, randonn\u00e9es\u2026). Des \u00e9piceries locales, restaurants et autres commerces se trouvent aussi dans les alentours pour un incroyable s\u00e9jour. <span style=\"font-size: 14px;\">Le logement est enti\u00e8rement climatis\u00e9, avec une piscine et terrasse spacieuse ainsi qu\u2019une literie et linge de maison de grande qualit\u00e9. \u00a0\u00a0<\/span><span style=\"font-size: 14px;\">L&#8217;appartement dispose de toutes les commodit\u00e9s (R\u00e9frig\u00e9rateur, four,lave vaisselle, lave- linge s\u00e9chant, douche ext\u00e9rieure, barbecue) salle de bains dans chaque chambres et du confort n\u00e9cessaire (climatisation, Tv Full HD + Netflix, Wifi), les <\/span><strong style=\"font-size: 14px;\">accessoires<\/strong><span style=\"font-size: 14px;\"> \u00a0pour la cuisine<\/span><\/p>\n<p><!-- \/wp:paragraph --><!-- wp:paragraph --><\/p>\n<p>Nous prenons des pr\u00e9cautions suppl\u00e9mentaires pour d\u00e9sinfecter votre logement en raison du COVID-19.<br \/>Sachez que nous faisons de notre mieux pour pr\u00e9server la s\u00e9curit\u00e9 de nos voyageurs \u00a0en nettoyant et en d\u00e9sinfectant les surfaces fr\u00e9quemment touch\u00e9es (interrupteurs, poign\u00e9es de meubles, t\u00e9l\u00e9commandes etc.) avant votre arriv\u00e9e<\/p>\n<p style=\"font-weight: 400;\">Condition g\u00e9n\u00e9rale de vente location<\/p>\n<p style=\"font-weight: 400;\">CONDITIONS G\u00c9N\u00c9RALES DE LOCATION SAISONNI\u00c8RE<\/p>\n<p style=\"font-weight: 400;\">DISPOSITION G\u00c9N\u00c9RALES<\/p>\n<p style=\"font-weight: 400;\">En r\u00e9servant sur notre site internet www.villas-sunrays.com ou sur une plateforme de r\u00e9servation, vous acceptez automatiquement les conditions g\u00e9n\u00e9rales de ventes suivantes :<\/p>\n<p style=\"font-weight: 400;\">INFORMATION COVID 19 :En cas de non pr\u00e9sentation due \u00e0 des mesures gouvernementales li\u00e9es au covid 19 (fermeture des frontieres uniquement), nous proposons uniquement un report du s\u00e9jour (Avoir valable 12 mois).\u00a0<\/p>\n<p style=\"font-weight: 400;\">\u00a0La r\u00e9servation est non remboursable ni modifiable pour tout autres raisons.<\/p>\n<p style=\"font-weight: 400;\">Arriv\u00e9e et d\u00e9part:<\/p>\n<p style=\"font-weight: 400;\">Les arriv\u00e9es se font entre 16h00 et 19h00 pour plus heure tardive il vous serra soumis un code d\u2019acc\u00e8s \u00e0 la Villa par SMS.<\/p>\n<p style=\"font-weight: 400;\">Lors de votre r\u00e9servation, nous vous demanderons de nous indiquer plus pr\u00e9cis\u00e9ment votre heure d\u2019arriv\u00e9e pour que nous puissions vous accueillir dans les meilleures conditions. En cas de retard, il est imp\u00e9ratif de nous pr\u00e9venir par t\u00e9l\u00e9phone afin que nous puissions nous organiser.<\/p>\n<p style=\"font-weight: 400;\">Les d\u00e9parts se font entre 8h00 et 11h00.<\/p>\n<p style=\"font-weight: 400;\">Nous vous retrouverons sur place \u00e0 l\u2019heure que vous nous aurez fix\u00e9s, pour l\u2019\u00e9tat des lieux et la reprise des cl\u00e9s. Du cas contraire les cl\u00e9s sont \u00e0 d\u00e9poser dans la boite prot\u00e9g\u00e9e d\u2019un code \u00e0 cet effet<\/p>\n<p style=\"font-weight: 400;\">Des suppl\u00e9ments vous seront factur\u00e9s en cas :<\/p>\n<p style=\"font-weight: 400;\">\u2013 de retards non signal\u00e9 \u00e0 l\u2019avance (20\u20ac)<\/p>\n<p style=\"font-weight: 400;\">\u2013 arriv\u00e9e ou d\u00e9part en dehors des heures d\u2019accueil<\/p>\n<p style=\"font-weight: 400;\">Internet<\/p>\n<p style=\"font-weight: 400;\">Une connexion Wi-Fi est disponible gratuitement. Le locataire s\u2019engage \u00e0 utiliser cet acc\u00e8s dans le respect des lois en vigueur. Le propri\u00e9taire ne peut pas \u00eatre tenu responsable de la fluctuation du d\u00e9bit.<\/p>\n<p style=\"font-weight: 400;\">Parking<\/p>\n<p style=\"font-weight: 400;\">Un parking priv\u00e9 est r\u00e9serv\u00e9 au locataire dans le logement (pour les villas Sunrays et Ajoupa).<\/p>\n<p style=\"font-weight: 400;\">Animaux de compagnie<\/p>\n<p style=\"font-weight: 400;\">Les animaux ne sont pas admis (sauf accord pr\u00e9alable du propri\u00e9taire) (Tarif : 5\u20ac \/ jour)<\/p>\n<p style=\"font-weight: 400;\">Les logements sont strictement non-fumeur.\u00a0<\/p>\n<p style=\"font-weight: 400;\">Des cendriers seront \u00e0 votre disposition exclusivement dans les espaces ext\u00e9rieurs.<\/p>\n<p style=\"font-weight: 400;\">Taxe de s\u00e9jour La taxe de s\u00e9jour n\u2019est pas comprise dans nos tarifs. Une facturation compl\u00e9mentaire sera faite sur la base au tarif en vigueur appliqu\u00e9 par la commune de Sainte Anne Matinique.<\/p>\n<p style=\"font-weight: 400;\">La piscine<\/p>\n<p style=\"font-weight: 400;\">Les piscines des villas Sunrays et Ajoupa sont en service tout l\u2019ann\u00e9e (selon les conditions m\u00e9t\u00e9o).<\/p>\n<p style=\"font-weight: 400;\">Se r\u00e9f\u00e9rer au r\u00e8glement int\u00e9rieur relatif aux piscines.<\/p>\n<p style=\"font-weight: 400;\">Les enfants restent sous la stricte surveillance de leurs parents ou de toutes personnes qui en ont la responsabilit\u00e9. L\u2019acc\u00e8s a la piscine est strictement interdit \u00e0 toutes personnes ext\u00e9rieures, non locataires, et les personnes ne savent pas nager.<\/p>\n<p style=\"font-weight: 400;\">Linge de maison<\/p>\n<p style=\"font-weight: 400;\">Le linge de maison fourni doit rester \u00e0 l\u2019int\u00e9rieur des logements.<\/p>\n<p style=\"font-weight: 400;\">L\u2019utilisation des serviettes mis \u00e0 votre disposition dans les chambres ne sont pas autoriser autour de la piscine, les drap de bain fournis sont fait \u00e0 l\u2019usage de la piscine ni pour un quelconque usage en dehors du logement.<\/p>\n<p style=\"font-weight: 400;\">Consommation eau\/\u00e9lectricit\u00e9<\/p>\n<p style=\"font-weight: 400;\">Dans un souci \u00e9cologique, le locataire s\u2019engage \u00e0 avoir une utilisation raisonn\u00e9 de l\u2019eau et de l\u2019\u00e9lectricit\u00e9. Une consommation excessive durant son s\u00e9jour pourra entrainer la facturation d\u2019un forfait suppl\u00e9mentaire de 30\u20ac pour l\u2019eau et\/ou l\u2019\u00e9lectricit\u00e9.<\/p>\n<p style=\"font-weight: 400;\">Mat\u00e9riels et \u00e9quipements<\/p>\n<p style=\"font-weight: 400;\">L\u2019utilisation du mat\u00e9riel et des \u00e9quipements divers mis \u00e0 la disposition du locataire (gracieusement) reste sous la seule responsabilit\u00e9 du locataire qui d\u00e9clare poss\u00e9der une assurance \u00ab responsabilit\u00e9 civile \u00bb prenant en charge l\u2019ensemble des incidents ou dommages pouvant survenir lors de l\u2019utilisation de ces derniers. Il renonce \u00e0 engager la responsabilit\u00e9 de Le Sunrays \u00e0 quelque titre que ce soit. Il ne pourra rendre responsable le propri\u00e9taire des \u00e9ventuels dommages corporels ou mat\u00e9riels caus\u00e9s aux tiers ou \u00e0 soi-m\u00eame.<\/p>\n<p style=\"font-weight: 400;\">\u00a0<\/p>\n<p style=\"font-weight: 400;\">PAIEMENT<\/p>\n<p style=\"font-weight: 400;\">La r\u00e9servation deviendra effective d\u00e8s lors que le locataire aura accept\u00e9 les pr\u00e9sentes conditions g\u00e9n\u00e9rales de la location et se sera acquitt\u00e9 du r\u00e8glement d\u2019un acompte de 30% du montant total de la location (hors option).<\/p>\n<p style=\"font-weight: 400;\">L\u2019acompte peut \u00eatre pay\u00e9 :<\/p>\n<p style=\"font-weight: 400;\">\u2013 Soit en ligne via un syst\u00e8me de paiement s\u00e9curis\u00e9 par carte bancaire. Par ce paiement, la r\u00e9servation est imm\u00e9diatement confirm\u00e9e.<\/p>\n<p style=\"font-weight: 400;\">\u2013 Soit par virement bancaire \u00e0 Le Sunrays, uniquement possible dans le cas de r\u00e9servation r\u00e9alis\u00e9e au moins 30 jours avant l\u2019entr\u00e9e dans les lieux. Il est imp\u00e9ratif de pr\u00e9ciser le nom du locataire et le nom du logement.<\/p>\n<p style=\"font-weight: 400;\">Dans tous les cas, un mail de confirmation de r\u00e9servation de s\u00e9jour vous sera adress\u00e9 dans les plus brefs d\u00e9lais. La photocopie de votre pi\u00e8ce d\u2019identit\u00e9 vous sera demand\u00e9e en retour.<\/p>\n<p style=\"font-weight: 400;\">Le paiement du solde devra \u00eatre r\u00e9gl\u00e9 :<\/p>\n<p style=\"font-weight: 400;\">\u2013 soit par virement bancaire au plus tard 30 jours avant la date d\u2019arriv\u00e9e. Il est imp\u00e9ratif de pr\u00e9ciser le nom du locataire et le nom du logement.<\/p>\n<p style=\"font-weight: 400;\">\u2013 soit le jour de l\u2019arriv\u00e9e pour un r\u00e8glement en esp\u00e8ces.<\/p>\n<p style=\"font-weight: 400;\">En \u00e9change, un exemplaire du contrat de location d\u00fbment sign\u00e9 vous sera d\u00e9livr\u00e9. Aucune cl\u00e9 ne sera confi\u00e9e sans le r\u00e8glement complet du s\u00e9jour.<\/p>\n<p style=\"font-weight: 400;\">Les prestations compl\u00e9mentaires choisies par le locataire seront \u00e0 r\u00e9gler sur place.<\/p>\n<p style=\"font-weight: 400;\">CONDITIONS D\u2019ANNULATION\u00a0<\/p>\n<p style=\"font-weight: 400;\">L\u2019annulation 30 jours ou moins avant l&#8217;arriv\u00e9e n&#8217;est pas remboursable, 100% du montant du s\u00e9jour vous sont factur\u00e9s. Si vous annulez avant 30 jours suivant votre arriv\u00e9e, 70% du montant de la r\u00e9servation seront factur\u00e9s.<\/p>\n<p style=\"font-weight: 400;\">Le locataire ne pourra en aucune circonstance se pr\u00e9valoir d\u2019un quelconque droit de maintien dans les lieux \u00e0 l\u2019expiration de la p\u00e9riode initialement pr\u00e9vue sur le contrat.<\/p>\n<p style=\"font-weight: 400;\">Nous r\u00e9servons le droit de facturer des p\u00e9nalit\u00e9s et de refuser l&#8217;h\u00e9bergement aux individus dont le comportement entra\u00eene des dommages ou des cons\u00e9quences graves pour l&#8217;\u00e9tablissement; ou un manque de respect et de courtoisie grave envers nos autres clients ou employ\u00e9s.<\/p>\n<p style=\"font-weight: 400;\">Le locataire ne pourra en aucune circonstance se pr\u00e9valoir d\u2019un quelconque droit ou maintien dans les lieux \u00e0 l\u2019expiration de la p\u00e9riode pr\u00e9vue sur le pr\u00e9sent contrat, sauf accord du propri\u00e9taire. Aucune modification (rature, surcharge&#8230;) ne sera accept\u00e9e dans la r\u00e9daction du contrat sans l\u2019accord des deux parties<\/p>\n<p style=\"font-weight: 400;\">A l\u2019initiative du locataire<\/p>\n<p style=\"font-weight: 400;\">En cas d\u2019annulation (imp\u00e9rativement par \u00e9crit), la totalit\u00e9 du montant de la location reste d\u00fb.<\/p>\n<p style=\"font-weight: 400;\">Cependant, si l\u2019annulation intervient plus de 30 jours avant la date d\u2019arriv\u00e9e, seul l\u2019acompte restera d\u00fb dans la mesure o\u00f9 le logement a pu \u00eatre relou\u00e9.<\/p>\n<p style=\"font-weight: 400;\">En cas d\u2019interruption anticip\u00e9e du s\u00e9jour par le locataire, et si la responsabilit\u00e9 du propri\u00e9taire n\u2019est pas mise en cause, il ne sera proc\u00e9d\u00e9 \u00e0 aucun remboursement, hormis le d\u00e9p\u00f4t de garantie dans les conditions indiqu\u00e9es ci-dessus (cf.IV).<\/p>\n<p style=\"font-weight: 400;\">Certaines r\u00e9servations issues de sites internet partenaires peuvent disposer de conditions d\u2019annulation diff\u00e9rentes, merci de vous r\u00e9f\u00e9rer \u00e0 votre email de confirmation pour les r\u00e9servations issues des partenaires.<\/p>\n<p style=\"font-weight: 400;\">A l\u2019initiative de Le Sunrays\u00a0<\/p>\n<p style=\"font-weight: 400;\">En cas d\u2019inaccessibilit\u00e9 exceptionnelle du logement aux dates convenus, Le Sunrays s\u2019engage \u00e0 vous reloger dans un logement de cat\u00e9gorie identique ou sup\u00e9rieure, le plus proche possible de celui initialement choisi, aux conditions tarifaires pr\u00e9vues au contrat. Dans l\u2019hypoth\u00e8se o\u00f9 ce changement ne pourrait avoir lieu, l\u2019int\u00e9gralit\u00e9 des sommes vers\u00e9es vous serait alors revers\u00e9e.<\/p>\n<p style=\"font-weight: 400;\">D\u00c9P\u00d4T DE GARANTIE OU CAUTION\u00a0<\/p>\n<p style=\"font-weight: 400;\">A l\u2019arriv\u00e9e du client dans la location, un d\u00e9p\u00f4t de garantie est demand\u00e9 par le propri\u00e9taire afin de pr\u00e9venir le logement contre tous les dommages et les vols \u00e9ventuels. Le montant de ce d\u00e9p\u00f4t de garantie (par empreinte de carte bancaire) est fix\u00e9 \u00e0 2000\u20ac.<\/p>\n<p style=\"font-weight: 400;\">Il sera restitu\u00e9 au locataire dans un d\u00e9lai maximum de 15 jours suivant le d\u00e9part si aucune d\u00e9gradation ou dommage n\u2019a \u00e9t\u00e9 constat\u00e9 dans le logement et s\u2019il est rendu en bon \u00e9tat de propret\u00e9. En cas de d\u00e9gradation ou de vols, le propri\u00e9taire s\u2019engage \u00e0 restituer le solde du montant du d\u00e9p\u00f4t de garantie apr\u00e8s d\u00e9duction des sommes n\u00e9cessaires aux r\u00e9parations, remise en \u00e9tat et\/ou achats, dans un d\u00e9lai de 60 jours inclus suivant la restitution des cl\u00e9s.<\/p>\n<p style=\"font-weight: 400;\">Si le d\u00e9p\u00f4t de garantie s\u2019av\u00e8re insuffisant, le locataire s\u2019engage \u00e0 payer la diff\u00e9rence sur justificatifs fournis par le propri\u00e9taire.<\/p>\n<p style=\"font-weight: 400;\">Ce pr\u00e9sent cautionnement ne pourra en aucun cas \u00eatre consid\u00e9r\u00e9 comme participation du loyer.<\/p>\n<p style=\"font-weight: 400;\">ETAT DES LIEUX ET INVENTAIRES<\/p>\n<p style=\"font-weight: 400;\">L\u2019\u00e9tat des lieux et inventaire du mobilier et des divers \u00e9quipements seront faits contradictoirement au d\u00e9but et \u00e0 la fin du s\u00e9jour par le propri\u00e9taire et porteront la signature des deux parties.<\/p>\n<p style=\"font-weight: 400;\">En cas d\u2019impossibilit\u00e9 de proc\u00e9der \u00e0 l\u2019\u00e9tat des lieux et l\u2019inventaire lors de l\u2019arriv\u00e9e, le locataire prend la responsabilit\u00e9 d\u2019en v\u00e9rifier la teneur et de signaler toute anomalie, \u00e9l\u00e9ments manquants ou d\u00e9grad\u00e9s dans les 24 heures suivant son arriv\u00e9e. Si aucune remarque n\u2019est faite dans ce d\u00e9lai le locataire sera pr\u00e9sum\u00e9 avoir re\u00e7u les lieux lou\u00e9s en bon \u00e9tat et doit les rendre tels quels, sauf preuve contraire (art 1731 du code civil).<\/p>\n<p style=\"font-weight: 400;\">\u00a0<\/p>\n<p style=\"font-weight: 400;\">UTILISATION DES LIEU<\/p>\n<p style=\"font-weight: 400;\">Les logements sont mis \u00e0 la disposition du locataire dans un parfait \u00e9tat d\u2019entretien et conforme \u00e0 la description qu\u2019il en a faite. Le locataire en usera en \u00ab bon p\u00e8re de famille \u00bb. Il jouira de la location d\u2019une mani\u00e8re paisible et en fera bon usage, conform\u00e9ment \u00e0 la destination des lieux.<\/p>\n<p style=\"font-weight: 400;\">A son d\u00e9part, le locataire s\u2019engage \u00e0 rendre le meubl\u00e9 en bon \u00e9tat de propret\u00e9 : avec les poubelles vid\u00e9es, la vaisselle propre et rang\u00e9e, le barbecue doit \u00eatre nettoy\u00e9 (int\u00e9rieur\/ext\u00e9rieur). Le cas \u00e9ch\u00e9ant, un suppl\u00e9ment de 30 \u00e0 90\u20ac pourra \u00eatre factur\u00e9.<\/p>\n<p style=\"font-weight: 400;\">Le locataire s\u2019engage \u00e0 respecter les r\u00e8gles suivantes :<\/p>\n<ul>\n<li style=\"font-weight: 400;\">Utiliser les locaux \u00e0 titre de r\u00e9sidence temporaire, et pour des fins priv\u00e9es durant son s\u00e9jour touristique.<\/li>\n<li style=\"font-weight: 400;\">La perte d&#8217;une cl\u00e9 (cl\u00e9 de chambre ou du portail) entraine une facturation de 40,00\u20ac\/cl\u00e9.\u00a0<\/li>\n<\/ul>\n<p style=\"font-weight: 400;\">La location ne peut en aucun cas b\u00e9n\u00e9ficier \u00e0 des tiers, sauf accord pr\u00e9alable du propri\u00e9taire.<\/p>\n<ul>\n<li style=\"font-weight: 400;\">La sous-location est interdite au preneur, sous quelque pr\u00e9texte que ce soit, m\u00eame \u00e0 titre gratuit, sous peine de r\u00e9siliation de contrat. Le montant int\u00e9gral du loyer restant acquis ou d\u00fb au propri\u00e9taire.<\/li>\n<li style=\"font-weight: 400;\">Les locaux sont lou\u00e9s \u00e0 usage de vacances excluant toute activit\u00e9 professionnelle, commerciale ou artisanale de quelque nature que ce soit. Le propri\u00e9taire fournira le logement conforme \u00e0 la<\/li>\n<li style=\"font-weight: 400;\">description qu\u2019il en a fait et le maintiendra en \u00e9tat de servir. En r\u00e8gle g\u00e9n\u00e9rale, le locataire quittera les lieux \u00e0 l\u2019heure pr\u00e9vue au contrat ou \u00e0 une heure convenant au propri\u00e9taire, apr\u00e8s \u00e9tat des lieux.<\/li>\n<li style=\"font-weight: 400;\">Les \u00e9l\u00e9ments d\u00e9coratifs pour les prestations \u00ab d\u00e9coration sp\u00e9cial romantique ou lune de miel \u00bb sont la propri\u00e9t\u00e9 Sarl le Sunrays. Tout \u00e9l\u00e9ments manquants seront d\u00e9duit de la caution de 350,00\u20ac.<\/li>\n<li style=\"font-weight: 400;\">Les shootings photos \u00e0 vis\u00e9e commerciale ou priv\u00e9e doivent faire l\u2019objet d\u2019une demande aupr\u00e8s du propri\u00e9taire qui \u00e9tablira un contrat dans lequel figurons les conditions sp\u00e9cifiques.<\/li>\n<li style=\"font-weight: 400;\">Les VILLAS SUNRAYS est un meubl\u00e9 de tourisme class\u00e9 et ne propose en aucun cas les services d&#8217;un hotel classique (nettoyage quotidien, petit d\u00e9jeuner inclus, r\u00e9ception 24\/24).<\/li>\n<li style=\"font-weight: 400;\">Veiller \u00e0 ce que les locaux soient occup\u00e9s par le signataire du contrat et ses accompagnants, sans jamais d\u00e9passer la capacit\u00e9 d\u2019accueil indiqu\u00e9e. La location ne peut en aucun cas b\u00e9n\u00e9ficier \u00e0 des tiers.<\/li>\n<li style=\"font-weight: 400;\">Ne rien faire qui puisse troubler la tranquillit\u00e9 du voisinage. En cas d\u2019une plainte pour nuisance, seule la responsabilit\u00e9 du locataire sera engag\u00e9e.<\/li>\n<li style=\"font-weight: 400;\">Se conformer aux prescriptions, r\u00e8glements et ordonnances en vigueur, notamment en ce qui concerne l\u2019hygi\u00e8ne, la s\u00e9curit\u00e9, la voirie, la police, la salubrit\u00e9 et la tranquillit\u00e9 publiques.<\/li>\n<li style=\"font-weight: 400;\">Les f\u00eates ou tous autres \u201c\u00e9v\u00e8nements\u201d ne sont pas autoris\u00e9s.<\/li>\n<\/ul>\n<p style=\"font-weight: 400;\">Note sp\u00e9cifique \u00e0 Le Sunrays, concernant l\u2019acc\u00e8s \u00e0 la piscine : des contraintes techniques nous ont emp\u00each\u00e9 de r\u00e9aliser un escalier garantissant de mani\u00e8re optimale la s\u00e9curit\u00e9 d\u2019un enfant en bas \u00e2ge. Il est donc de votre responsabilis\u00e9e d\u2019interdire l\u2019acc\u00e8s \u00e0 vos enfants ou de les accompagner et les garder sous surveillance. Nous nous d\u00e9chargeons de toute responsabilit\u00e9 si ces conditions n\u2019\u00e9taient pas respect\u00e9es . Merci de votre compr\u00e9hension<\/p>\n<p style=\"font-weight: 400;\">ASSURANCES\u00a0<\/p>\n<p style=\"font-weight: 400;\">Responsable de tous les dommages survenant de son fait, le locataire est tenu d\u2019\u00eatre couvert par un contrat d\u2019assurance vill\u00e9giature pour les risques locatifs (vols, incendie, d\u00e9g\u00e2ts des eaux). Il doit donc v\u00e9rifier si son contrat d\u2019habitation principale pr\u00e9voit l\u2019extension vill\u00e9giature (location de vacances) et en adresser un justificatif au propri\u00e9taire sur simple demande.<\/p>\n<p style=\"font-weight: 400;\">En r\u00e9servant, vous confirmez avoir lu et accept\u00e9 les conditions g\u00e9n\u00e9rales de nos locations saisonni\u00e8res.<\/p>\n<p style=\"font-weight: 400;\">\u00a0<\/p>\n<p style=\"font-weight: 400;\">\u00a0<\/p>\n<p>\u00a0<\/p>\n<p><!-- \/wp:paragraph --><\/p>\t\t\t\t\t\t<\/div>\n\t\t\t\t<\/div>\n\t\t\t\t\t<\/div>\n\t\t<\/div>\n\t\t\t\t\t<\/div>\n\t\t<\/section>\n\t\t\t\t<\/div>\n\t\t","protected":false},"excerpt":{"rendered":"<p>L\u2019appartement Ajoupa et Mirosia des villas Sunrays pour 8 \u00e0 10 personnes, se trouve dans une maison typique r\u00e9cemment r\u00e9nov\u00e9e, dans un quartier calme. louer 1 semaine minimum. Vous serez \u00e0 10 min en voiture des plus belles plages de l\u2019\u00eele (Les Salines, Cap Macr\u00e9, Cap Chevalier, Pointe Marin\u2026) o\u00f9 il vous sera possible de [&hellip;]<\/p>\n","protected":false},"author":1,"featured_media":0,"parent":0,"menu_order":0,"comment_status":"closed","ping_status":"closed","template":"","meta":{"footnotes":""},"class_list":["post-122","page","type-page","status-publish","hentry","entry"],"jetpack_sharing_enabled":true,"_links":{"self":[{"href":"https:\/\/www.villas-sunrays.com\/index.php\/wp-json\/wp\/v2\/pages\/122","targetHints":{"allow":["GET"]}}],"collection":[{"href":"https:\/\/www.villas-sunrays.com\/index.php\/wp-json\/wp\/v2\/pages"}],"about":[{"href":"https:\/\/www.villas-sunrays.com\/index.php\/wp-json\/wp\/v2\/types\/page"}],"author":[{"embeddable":true,"href":"https:\/\/www.villas-sunrays.com\/index.php\/wp-json\/wp\/v2\/users\/1"}],"replies":[{"embeddable":true,"href":"https:\/\/www.villas-sunrays.com\/index.php\/wp-json\/wp\/v2\/comments?post=122"}],"version-history":[{"count":25,"href":"https:\/\/www.villas-sunrays.com\/index.php\/wp-json\/wp\/v2\/pages\/122\/revisions"}],"predecessor-version":[{"id":636,"href":"https:\/\/www.villas-sunrays.com\/index.php\/wp-json\/wp\/v2\/pages\/122\/revisions\/636"}],"wp:attachment":[{"href":"https:\/\/www.villas-sunrays.com\/index.php\/wp-json\/wp\/v2\/media?parent=122"}],"curies":[{"name":"wp","href":"https:\/\/api.w.org\/{rel}","templated":true}]}}