{"id":249,"date":"2022-04-13T17:47:09","date_gmt":"2022-04-13T15:47:09","guid":{"rendered":"https:\/\/www.villas-sunrays.com\/?page_id=249"},"modified":"2022-05-27T18:51:14","modified_gmt":"2022-05-27T16:51:14","slug":"ajoupa","status":"publish","type":"page","link":"https:\/\/www.villas-sunrays.com\/index.php\/ajoupa\/","title":{"rendered":"Villa Ajoupa"},"content":{"rendered":"\t\t<div data-elementor-type=\"wp-page\" data-elementor-id=\"249\" class=\"elementor elementor-249\">\n\t\t\t\t\t\t<section class=\"elementor-section elementor-top-section elementor-element elementor-element-85fe50e elementor-section-boxed elementor-section-height-default elementor-section-height-default\" data-id=\"85fe50e\" data-element_type=\"section\">\n\t\t\t\t\t\t<div class=\"elementor-container elementor-column-gap-default\">\n\t\t\t\t\t<div class=\"elementor-column elementor-col-50 elementor-top-column elementor-element elementor-element-1361ae6\" data-id=\"1361ae6\" data-element_type=\"column\">\n\t\t\t<div class=\"elementor-widget-wrap elementor-element-populated\">\n\t\t\t\t\t\t<div class=\"elementor-element elementor-element-9c50385 elementor-widget elementor-widget-text-editor\" data-id=\"9c50385\" data-element_type=\"widget\" data-widget_type=\"text-editor.default\">\n\t\t\t\t<div class=\"elementor-widget-container\">\n\t\t\t<style>\/*! elementor - v3.19.0 - 28-02-2024 *\/\n.elementor-widget-text-editor.elementor-drop-cap-view-stacked .elementor-drop-cap{background-color:#69727d;color:#fff}.elementor-widget-text-editor.elementor-drop-cap-view-framed .elementor-drop-cap{color:#69727d;border:3px solid;background-color:transparent}.elementor-widget-text-editor:not(.elementor-drop-cap-view-default) .elementor-drop-cap{margin-top:8px}.elementor-widget-text-editor:not(.elementor-drop-cap-view-default) .elementor-drop-cap-letter{width:1em;height:1em}.elementor-widget-text-editor .elementor-drop-cap{float:left;text-align:center;line-height:1;font-size:50px}.elementor-widget-text-editor .elementor-drop-cap-letter{display:inline-block}<\/style>\t\t\t\t<p>Pour 8 voyageurs. Le logement 260 m2 est enti\u00e8rement climatis\u00e9, avec une piscine, une terrasse spacieuse ainsi qu\u2019une literie et linge de maison de grande qualit\u00e9.\u00a0<span style=\"color: var( --e-global-color-text );\">L\u2019appartement contient \u00a04 chambres avec leurs salles de bains, les\u00a0<\/span>fermetures anti moustiques<span style=\"color: var( --e-global-color-text );\">, dispose de toutes les commodit\u00e9s (R\u00e9frig\u00e9rateur, four, cafeti\u00e8res, lave vaisselle, lave- linge s\u00e9chant, douche ext\u00e9rieure, barbecue). 4 salles de bains dans chaque chambres et du confort n\u00e9cessaire (climatisation, Tv Full HD + Netflix, Wifi). Linge de maison, linge de lit \u00a0et serviettes sont fournis. Parfaitement cl\u00f4tures vos v\u00e9hicules sont\u00a0<\/span>stationn\u00e9s gratuits<span style=\"color: var( --e-global-color-text );\">\u00a0\u00e0\u00a0<\/span>l&#8217;int\u00e9rieur<span style=\"color: var( --e-global-color-text );\">\u00a0prot\u00e9g\u00e9s de tout nuisance .<\/span><span style=\"color: var( --e-global-color-text ); font-size: 14px;\">Nous prenons des pr\u00e9cautions suppl\u00e9mentaires pour d\u00e9sinfecter votre logement en raison du COVID-19. Les diff\u00e9rents produits pour l&#8217;entretien sont fournis aussi.<\/span><span style=\"font-size: 14px; color: var( --e-global-color-text );\">Sachez que nous faisons de notre mieux pour pr\u00e9server la s\u00e9curit\u00e9 de nos voyageurs Airbnb en nettoyant et en d\u00e9sinfectant les surfaces fr\u00e9quemment touch\u00e9es (interrupteurs, poign\u00e9es de meubles, t\u00e9l\u00e9commandes etc.) avant votre arriv\u00e9e.<\/span><\/p>\t\t\t\t\t\t<\/div>\n\t\t\t\t<\/div>\n\t\t\t\t\t<\/div>\n\t\t<\/div>\n\t\t\t\t<div class=\"elementor-column elementor-col-50 elementor-top-column elementor-element elementor-element-2076209\" data-id=\"2076209\" data-element_type=\"column\">\n\t\t\t<div class=\"elementor-widget-wrap elementor-element-populated\">\n\t\t\t\t\t\t<div class=\"elementor-element elementor-element-5c0c0ae elementor-widget elementor-widget-image\" data-id=\"5c0c0ae\" data-element_type=\"widget\" data-widget_type=\"image.default\">\n\t\t\t\t<div class=\"elementor-widget-container\">\n\t\t\t<style>\/*! elementor - v3.19.0 - 28-02-2024 *\/\n.elementor-widget-image{text-align:center}.elementor-widget-image a{display:inline-block}.elementor-widget-image a img[src$=\".svg\"]{width:48px}.elementor-widget-image img{vertical-align:middle;display:inline-block}<\/style>\t\t\t\t\t\t\t\t\t\t<img fetchpriority=\"high\" decoding=\"async\" width=\"2048\" height=\"1365\" src=\"https:\/\/www.villas-sunrays.com\/wp-content\/uploads\/2022\/04\/Location_F6_Sainte_Anne_Martinique_08.jpg\" class=\"attachment-2048x2048 size-2048x2048 wp-image-42\" alt=\"La villa Ajoupa vous accueil avec ces 3 chambres climatis\u00e9es d&#039;une superficie de 132 m2, pour 6 personnes, un s\u00e9jour et sa cuisine int\u00e9gr\u00e9, une ouverture face \u00e0 la piscine \u00e0 sel le plus agr\u00e9able\" srcset=\"https:\/\/www.villas-sunrays.com\/wp-content\/uploads\/2022\/04\/Location_F6_Sainte_Anne_Martinique_08.jpg 2048w, https:\/\/www.villas-sunrays.com\/wp-content\/uploads\/2022\/04\/Location_F6_Sainte_Anne_Martinique_08-300x200.jpg 300w, https:\/\/www.villas-sunrays.com\/wp-content\/uploads\/2022\/04\/Location_F6_Sainte_Anne_Martinique_08-1024x683.jpg 1024w, https:\/\/www.villas-sunrays.com\/wp-content\/uploads\/2022\/04\/Location_F6_Sainte_Anne_Martinique_08-768x512.jpg 768w, https:\/\/www.villas-sunrays.com\/wp-content\/uploads\/2022\/04\/Location_F6_Sainte_Anne_Martinique_08-1536x1024.jpg 1536w\" sizes=\"(max-width: 2048px) 100vw, 2048px\" \/>\t\t\t\t\t\t\t\t\t\t\t\t\t<\/div>\n\t\t\t\t<\/div>\n\t\t\t\t\t<\/div>\n\t\t<\/div>\n\t\t\t\t\t<\/div>\n\t\t<\/section>\n\t\t\t\t<section class=\"elementor-section elementor-top-section elementor-element elementor-element-69bdc6e elementor-section-boxed elementor-section-height-default elementor-section-height-default\" data-id=\"69bdc6e\" data-element_type=\"section\">\n\t\t\t\t\t\t<div class=\"elementor-container elementor-column-gap-default\">\n\t\t\t\t\t<div class=\"elementor-column elementor-col-100 elementor-top-column elementor-element elementor-element-17701b7\" data-id=\"17701b7\" data-element_type=\"column\">\n\t\t\t<div class=\"elementor-widget-wrap elementor-element-populated\">\n\t\t\t\t\t\t<div class=\"elementor-element elementor-element-d678167 elementor-arrows-position-inside elementor-pagination-position-outside elementor-widget elementor-widget-image-carousel\" data-id=\"d678167\" data-element_type=\"widget\" data-settings=\"{&quot;navigation&quot;:&quot;both&quot;,&quot;autoplay&quot;:&quot;yes&quot;,&quot;pause_on_hover&quot;:&quot;yes&quot;,&quot;pause_on_interaction&quot;:&quot;yes&quot;,&quot;autoplay_speed&quot;:5000,&quot;infinite&quot;:&quot;yes&quot;,&quot;speed&quot;:500}\" data-widget_type=\"image-carousel.default\">\n\t\t\t\t<div class=\"elementor-widget-container\">\n\t\t\t<style>\/*! elementor - v3.19.0 - 28-02-2024 *\/\n.elementor-widget-image-carousel .swiper,.elementor-widget-image-carousel .swiper-container{position:static}.elementor-widget-image-carousel .swiper-container .swiper-slide figure,.elementor-widget-image-carousel .swiper .swiper-slide figure{line-height:inherit}.elementor-widget-image-carousel .swiper-slide{text-align:center}.elementor-image-carousel-wrapper:not(.swiper-container-initialized):not(.swiper-initialized) .swiper-slide{max-width:calc(100% \/ var(--e-image-carousel-slides-to-show, 3))}<\/style>\t\t<div class=\"elementor-image-carousel-wrapper swiper-container\" dir=\"ltr\">\n\t\t\t<div class=\"elementor-image-carousel swiper-wrapper\" aria-live=\"off\">\n\t\t\t\t\t\t\t\t<div class=\"swiper-slide\" role=\"group\" aria-roledescription=\"slide\" aria-label=\"1 of 21\"><figure class=\"swiper-slide-inner\"><img decoding=\"async\" class=\"swiper-slide-image\" src=\"https:\/\/www.villas-sunrays.com\/wp-content\/uploads\/2022\/04\/Location_F6_Sainte_Anne_Martinique_08-150x150.jpg\" alt=\"La villa Ajoupa vous accueil avec ces 3 chambres climatis\u00e9es d&#039;une superficie de 132 m2, pour 6 personnes, un s\u00e9jour et sa cuisine int\u00e9gr\u00e9, une ouverture face \u00e0 la piscine \u00e0 sel le plus agr\u00e9able\" \/><\/figure><\/div><div class=\"swiper-slide\" role=\"group\" aria-roledescription=\"slide\" aria-label=\"2 of 21\"><figure class=\"swiper-slide-inner\"><img decoding=\"async\" class=\"swiper-slide-image\" src=\"https:\/\/www.villas-sunrays.com\/wp-content\/uploads\/2022\/04\/Location_F6_Sainte_Anne_Martinique_54-150x150.jpg\" alt=\"Location_F6_Sainte_Anne_Martinique_54\" \/><\/figure><\/div><div class=\"swiper-slide\" role=\"group\" aria-roledescription=\"slide\" aria-label=\"3 of 21\"><figure class=\"swiper-slide-inner\"><img decoding=\"async\" class=\"swiper-slide-image\" src=\"https:\/\/www.villas-sunrays.com\/wp-content\/uploads\/2022\/04\/Location_F6_Sainte_Anne_Martinique_05-2-150x150.jpg\" alt=\"Location_F6_Sainte_Anne_Martinique_05\" \/><\/figure><\/div><div class=\"swiper-slide\" role=\"group\" aria-roledescription=\"slide\" aria-label=\"4 of 21\"><figure class=\"swiper-slide-inner\"><img decoding=\"async\" class=\"swiper-slide-image\" src=\"https:\/\/www.villas-sunrays.com\/wp-content\/uploads\/2022\/04\/Location_F6_Sainte_Anne_Martinique_01-150x150.jpg\" alt=\"Location_F6_Sainte_Anne_Martinique_01\" \/><\/figure><\/div><div class=\"swiper-slide\" role=\"group\" aria-roledescription=\"slide\" aria-label=\"5 of 21\"><figure class=\"swiper-slide-inner\"><img decoding=\"async\" class=\"swiper-slide-image\" src=\"https:\/\/www.villas-sunrays.com\/wp-content\/uploads\/2022\/04\/Location_F6_Sainte_Anne_Martinique_02-150x150.jpg\" alt=\"Location_F6_Sainte_Anne_Martinique_02\" \/><\/figure><\/div><div class=\"swiper-slide\" role=\"group\" aria-roledescription=\"slide\" aria-label=\"6 of 21\"><figure class=\"swiper-slide-inner\"><img decoding=\"async\" class=\"swiper-slide-image\" src=\"https:\/\/www.villas-sunrays.com\/wp-content\/uploads\/2022\/04\/Location_F6_Sainte_Anne_Martinique_16-150x150.jpg\" alt=\"Location_F6_Sainte_Anne_Martinique_16\" \/><\/figure><\/div><div class=\"swiper-slide\" role=\"group\" aria-roledescription=\"slide\" aria-label=\"7 of 21\"><figure class=\"swiper-slide-inner\"><img decoding=\"async\" class=\"swiper-slide-image\" src=\"https:\/\/www.villas-sunrays.com\/wp-content\/uploads\/2022\/04\/Location_F6_Sainte_Anne_Martinique_23-150x150.jpg\" alt=\"Location_F6_Sainte_Anne_Martinique_23\" \/><\/figure><\/div><div class=\"swiper-slide\" role=\"group\" aria-roledescription=\"slide\" aria-label=\"8 of 21\"><figure class=\"swiper-slide-inner\"><img decoding=\"async\" class=\"swiper-slide-image\" src=\"https:\/\/www.villas-sunrays.com\/wp-content\/uploads\/2022\/04\/Location_F6_Sainte_Anne_Martinique_19-150x150.jpg\" alt=\"Location_F6_Sainte_Anne_Martinique_19\" \/><\/figure><\/div><div class=\"swiper-slide\" role=\"group\" aria-roledescription=\"slide\" aria-label=\"9 of 21\"><figure class=\"swiper-slide-inner\"><img decoding=\"async\" class=\"swiper-slide-image\" src=\"https:\/\/www.villas-sunrays.com\/wp-content\/uploads\/2022\/04\/Location_F6_Sainte_Anne_Martinique_29-150x150.jpg\" alt=\"Location_F6_Sainte_Anne_Martinique_29\" \/><\/figure><\/div><div class=\"swiper-slide\" role=\"group\" aria-roledescription=\"slide\" aria-label=\"10 of 21\"><figure class=\"swiper-slide-inner\"><img decoding=\"async\" class=\"swiper-slide-image\" src=\"https:\/\/www.villas-sunrays.com\/wp-content\/uploads\/2022\/04\/Location_F6_Sainte_Anne_Martinique_25-150x150.jpg\" alt=\"Location_F6_Sainte_Anne_Martinique_25\" \/><\/figure><\/div><div class=\"swiper-slide\" role=\"group\" aria-roledescription=\"slide\" aria-label=\"11 of 21\"><figure class=\"swiper-slide-inner\"><img decoding=\"async\" class=\"swiper-slide-image\" src=\"https:\/\/www.villas-sunrays.com\/wp-content\/uploads\/2022\/04\/Location_F6_Sainte_Anne_Martinique_33-150x150.jpg\" alt=\"Location_F6_Sainte_Anne_Martinique_33\" \/><\/figure><\/div><div class=\"swiper-slide\" role=\"group\" aria-roledescription=\"slide\" aria-label=\"12 of 21\"><figure class=\"swiper-slide-inner\"><img decoding=\"async\" class=\"swiper-slide-image\" src=\"https:\/\/www.villas-sunrays.com\/wp-content\/uploads\/2022\/04\/Location_F6_Sainte_Anne_Martinique_40-1-150x150.jpg\" alt=\"Location_F6_Sainte_Anne_Martinique_40\" \/><\/figure><\/div><div class=\"swiper-slide\" role=\"group\" aria-roledescription=\"slide\" aria-label=\"13 of 21\"><figure class=\"swiper-slide-inner\"><img decoding=\"async\" class=\"swiper-slide-image\" src=\"https:\/\/www.villas-sunrays.com\/wp-content\/uploads\/2022\/04\/Location_F6_Sainte_Anne_Martinique_36-150x150.jpg\" alt=\"Location_F6_Sainte_Anne_Martinique_36\" \/><\/figure><\/div><div class=\"swiper-slide\" role=\"group\" aria-roledescription=\"slide\" aria-label=\"14 of 21\"><figure class=\"swiper-slide-inner\"><img decoding=\"async\" class=\"swiper-slide-image\" src=\"https:\/\/www.villas-sunrays.com\/wp-content\/uploads\/2022\/04\/Location_F6_Sainte_Anne_Martinique_48-150x150.jpg\" alt=\"Location_F6_Sainte_Anne_Martinique_48\" \/><\/figure><\/div><div class=\"swiper-slide\" role=\"group\" aria-roledescription=\"slide\" aria-label=\"15 of 21\"><figure class=\"swiper-slide-inner\"><img decoding=\"async\" class=\"swiper-slide-image\" src=\"https:\/\/www.villas-sunrays.com\/wp-content\/uploads\/2022\/04\/Location_F6_Sainte_Anne_Martinique_17-150x150.jpg\" alt=\"Location_F6_Sainte_Anne_Martinique_17\" \/><\/figure><\/div><div class=\"swiper-slide\" role=\"group\" aria-roledescription=\"slide\" aria-label=\"16 of 21\"><figure class=\"swiper-slide-inner\"><img decoding=\"async\" class=\"swiper-slide-image\" src=\"https:\/\/www.villas-sunrays.com\/wp-content\/uploads\/2022\/04\/Location_F6_Sainte_Anne_Martinique_41-150x150.jpg\" alt=\"Location_F6_Sainte_Anne_Martinique_41\" \/><\/figure><\/div><div class=\"swiper-slide\" role=\"group\" aria-roledescription=\"slide\" aria-label=\"17 of 21\"><figure class=\"swiper-slide-inner\"><img decoding=\"async\" class=\"swiper-slide-image\" src=\"https:\/\/www.villas-sunrays.com\/wp-content\/uploads\/2022\/05\/Location_F6_Sainte_Anne_Martinique_13-150x150.jpg\" alt=\"Location_F6_Sainte_Anne_Martinique_13\" \/><\/figure><\/div><div class=\"swiper-slide\" role=\"group\" aria-roledescription=\"slide\" aria-label=\"18 of 21\"><figure class=\"swiper-slide-inner\"><img decoding=\"async\" class=\"swiper-slide-image\" src=\"https:\/\/www.villas-sunrays.com\/wp-content\/uploads\/2022\/04\/Location_F6_Sainte_Anne_Martinique_11-150x150.jpg\" alt=\"Location_F6_Sainte_Anne_Martinique_11\" \/><\/figure><\/div><div class=\"swiper-slide\" role=\"group\" aria-roledescription=\"slide\" aria-label=\"19 of 21\"><figure class=\"swiper-slide-inner\"><img decoding=\"async\" class=\"swiper-slide-image\" src=\"https:\/\/www.villas-sunrays.com\/wp-content\/uploads\/2022\/05\/Location_F6_Sainte_Anne_Martinique_07-150x150.jpg\" alt=\"Location_F6_Sainte_Anne_Martinique_07\" \/><\/figure><\/div><div class=\"swiper-slide\" role=\"group\" aria-roledescription=\"slide\" aria-label=\"20 of 21\"><figure class=\"swiper-slide-inner\"><img decoding=\"async\" class=\"swiper-slide-image\" src=\"https:\/\/www.villas-sunrays.com\/wp-content\/uploads\/2022\/05\/Location_F6_Sainte_Anne_Martinique_30-150x150.jpg\" alt=\"Location_F6_Sainte_Anne_Martinique_30\" \/><\/figure><\/div><div class=\"swiper-slide\" role=\"group\" aria-roledescription=\"slide\" aria-label=\"21 of 21\"><figure class=\"swiper-slide-inner\"><img decoding=\"async\" class=\"swiper-slide-image\" src=\"https:\/\/www.villas-sunrays.com\/wp-content\/uploads\/2022\/05\/Location_F6_Sainte_Anne_Martinique_33-150x150.jpg\" alt=\"Location_F6_Sainte_Anne_Martinique_33\" \/><\/figure><\/div>\t\t\t<\/div>\n\t\t\t\t\t\t\t\t\t\t\t\t<div class=\"elementor-swiper-button elementor-swiper-button-prev\" role=\"button\" tabindex=\"0\">\n\t\t\t\t\t\t<i aria-hidden=\"true\" class=\"eicon-chevron-left\"><\/i>\t\t\t\t\t<\/div>\n\t\t\t\t\t<div class=\"elementor-swiper-button elementor-swiper-button-next\" role=\"button\" tabindex=\"0\">\n\t\t\t\t\t\t<i aria-hidden=\"true\" class=\"eicon-chevron-right\"><\/i>\t\t\t\t\t<\/div>\n\t\t\t\t\n\t\t\t\t\t\t\t\t\t<div class=\"swiper-pagination\"><\/div>\n\t\t\t\t\t\t\t\t\t<\/div>\n\t\t\t\t<\/div>\n\t\t\t\t<\/div>\n\t\t\t\t\t<\/div>\n\t\t<\/div>\n\t\t\t\t\t<\/div>\n\t\t<\/section>\n\t\t\t\t<section class=\"elementor-section elementor-top-section elementor-element elementor-element-1e815b2b elementor-section-boxed elementor-section-height-default elementor-section-height-default\" data-id=\"1e815b2b\" data-element_type=\"section\">\n\t\t\t\t\t\t<div class=\"elementor-container elementor-column-gap-default\">\n\t\t\t\t\t<div class=\"elementor-column elementor-col-50 elementor-top-column elementor-element elementor-element-7bc739a\" data-id=\"7bc739a\" data-element_type=\"column\">\n\t\t\t<div class=\"elementor-widget-wrap elementor-element-populated\">\n\t\t\t\t\t\t<div class=\"elementor-element elementor-element-2dd17074 elementor-widget elementor-widget-text-editor\" data-id=\"2dd17074\" data-element_type=\"widget\" data-widget_type=\"text-editor.default\">\n\t\t\t\t<div class=\"elementor-widget-container\">\n\t\t\t\t\t\t\t<p>Me Contacter<\/p><p><a href=\"tel:+596696324912\">+596 696 32 49 12<\/a><\/p><p>Email: <a href=\"mailto:lesunrays3@gmail.com\">lesunrays3@gmail.com<\/a><\/p>\t\t\t\t\t\t<\/div>\n\t\t\t\t<\/div>\n\t\t\t\t\t<\/div>\n\t\t<\/div>\n\t\t\t\t<div class=\"elementor-column elementor-col-50 elementor-top-column elementor-element elementor-element-2867ed96\" data-id=\"2867ed96\" data-element_type=\"column\">\n\t\t\t<div class=\"elementor-widget-wrap elementor-element-populated\">\n\t\t\t\t\t\t<div class=\"elementor-element elementor-element-9c00032 elementor-widget elementor-widget-google_maps\" data-id=\"9c00032\" data-element_type=\"widget\" data-widget_type=\"google_maps.default\">\n\t\t\t\t<div class=\"elementor-widget-container\">\n\t\t\t<style>\/*! elementor - v3.19.0 - 28-02-2024 *\/\n.elementor-widget-google_maps .elementor-widget-container{overflow:hidden}.elementor-widget-google_maps .elementor-custom-embed{line-height:0}.elementor-widget-google_maps iframe{height:300px}<\/style>\t\t<div class=\"elementor-custom-embed\">\n\t\t\t<iframe loading=\"lazy\"\n\t\t\t\t\tsrc=\"https:\/\/maps.google.com\/maps?q=10%20lot%20les%20oiseaux-97227-Sainte%20Anne-%20Martinique&#038;t=m&#038;z=10&#038;output=embed&#038;iwloc=near\"\n\t\t\t\t\ttitle=\"10 lot les oiseaux-97227-Sainte Anne- Martinique\"\n\t\t\t\t\taria-label=\"10 lot les oiseaux-97227-Sainte Anne- Martinique\"\n\t\t\t><\/iframe>\n\t\t<\/div>\n\t\t\t\t<\/div>\n\t\t\t\t<\/div>\n\t\t\t\t\t<\/div>\n\t\t<\/div>\n\t\t\t\t\t<\/div>\n\t\t<\/section>\n\t\t\t\t<\/div>\n\t\t","protected":false},"excerpt":{"rendered":"<p>Pour 8 voyageurs. Le logement 260 m2 est enti\u00e8rement climatis\u00e9, avec une piscine, une terrasse spacieuse ainsi qu\u2019une literie et linge de maison de grande qualit\u00e9.\u00a0L\u2019appartement contient \u00a04 chambres avec leurs salles de bains, les\u00a0fermetures anti moustiques, dispose de toutes les commodit\u00e9s (R\u00e9frig\u00e9rateur, four, cafeti\u00e8res, lave vaisselle, lave- linge s\u00e9chant, douche ext\u00e9rieure, barbecue). 4 salles [&hellip;]<\/p>\n","protected":false},"author":1,"featured_media":0,"parent":0,"menu_order":0,"comment_status":"closed","ping_status":"closed","template":"elementor_header_footer","meta":{"footnotes":""},"class_list":["post-249","page","type-page","status-publish","hentry","entry"],"jetpack_sharing_enabled":true,"_links":{"self":[{"href":"https:\/\/www.villas-sunrays.com\/index.php\/wp-json\/wp\/v2\/pages\/249","targetHints":{"allow":["GET"]}}],"collection":[{"href":"https:\/\/www.villas-sunrays.com\/index.php\/wp-json\/wp\/v2\/pages"}],"about":[{"href":"https:\/\/www.villas-sunrays.com\/index.php\/wp-json\/wp\/v2\/types\/page"}],"author":[{"embeddable":true,"href":"https:\/\/www.villas-sunrays.com\/index.php\/wp-json\/wp\/v2\/users\/1"}],"replies":[{"embeddable":true,"href":"https:\/\/www.villas-sunrays.com\/index.php\/wp-json\/wp\/v2\/comments?post=249"}],"version-history":[{"count":83,"href":"https:\/\/www.villas-sunrays.com\/index.php\/wp-json\/wp\/v2\/pages\/249\/revisions"}],"predecessor-version":[{"id":628,"href":"https:\/\/www.villas-sunrays.com\/index.php\/wp-json\/wp\/v2\/pages\/249\/revisions\/628"}],"wp:attachment":[{"href":"https:\/\/www.villas-sunrays.com\/index.php\/wp-json\/wp\/v2\/media?parent=249"}],"curies":[{"name":"wp","href":"https:\/\/api.w.org\/{rel}","templated":true}]}}