{"id":282,"date":"2022-04-14T02:41:18","date_gmt":"2022-04-14T00:41:18","guid":{"rendered":"https:\/\/www.villas-sunrays.com\/?page_id=282"},"modified":"2022-05-27T18:52:10","modified_gmt":"2022-05-27T16:52:10","slug":"villa-mirosia","status":"publish","type":"page","link":"https:\/\/www.villas-sunrays.com\/index.php\/villa-mirosia\/","title":{"rendered":"Villa Mirosia"},"content":{"rendered":"\t\t<div data-elementor-type=\"wp-page\" data-elementor-id=\"282\" class=\"elementor elementor-282\">\n\t\t\t\t\t\t<section class=\"elementor-section elementor-top-section elementor-element elementor-element-b27898e elementor-section-boxed elementor-section-height-default elementor-section-height-default\" data-id=\"b27898e\" data-element_type=\"section\">\n\t\t\t\t\t\t<div class=\"elementor-container elementor-column-gap-default\">\n\t\t\t\t\t<div class=\"elementor-column elementor-col-100 elementor-top-column elementor-element elementor-element-f8d0af7\" data-id=\"f8d0af7\" data-element_type=\"column\">\n\t\t\t<div class=\"elementor-widget-wrap elementor-element-populated\">\n\t\t\t\t\t\t<div class=\"elementor-element elementor-element-e71db82 elementor-widget elementor-widget-image\" data-id=\"e71db82\" data-element_type=\"widget\" data-widget_type=\"image.default\">\n\t\t\t\t<div class=\"elementor-widget-container\">\n\t\t\t<style>\/*! elementor - v3.19.0 - 28-02-2024 *\/\n.elementor-widget-image{text-align:center}.elementor-widget-image a{display:inline-block}.elementor-widget-image a img[src$=\".svg\"]{width:48px}.elementor-widget-image img{vertical-align:middle;display:inline-block}<\/style>\t\t\t\t\t\t\t\t\t\t<img fetchpriority=\"high\" decoding=\"async\" width=\"1024\" height=\"681\" src=\"https:\/\/www.villas-sunrays.com\/wp-content\/uploads\/2022\/04\/Location_F6_Sainte_Anne_Martinique_13-1-1024x681.jpg\" class=\"attachment-large size-large wp-image-189\" alt=\"\" srcset=\"https:\/\/www.villas-sunrays.com\/wp-content\/uploads\/2022\/04\/Location_F6_Sainte_Anne_Martinique_13-1-1024x681.jpg 1024w, https:\/\/www.villas-sunrays.com\/wp-content\/uploads\/2022\/04\/Location_F6_Sainte_Anne_Martinique_13-1-300x200.jpg 300w, https:\/\/www.villas-sunrays.com\/wp-content\/uploads\/2022\/04\/Location_F6_Sainte_Anne_Martinique_13-1-768x511.jpg 768w, https:\/\/www.villas-sunrays.com\/wp-content\/uploads\/2022\/04\/Location_F6_Sainte_Anne_Martinique_13-1-1536x1022.jpg 1536w, https:\/\/www.villas-sunrays.com\/wp-content\/uploads\/2022\/04\/Location_F6_Sainte_Anne_Martinique_13-1.jpg 2048w\" sizes=\"(max-width: 1024px) 100vw, 1024px\" \/>\t\t\t\t\t\t\t\t\t\t\t\t\t<\/div>\n\t\t\t\t<\/div>\n\t\t\t\t\t<\/div>\n\t\t<\/div>\n\t\t\t\t\t<\/div>\n\t\t<\/section>\n\t\t\t\t<section class=\"elementor-section elementor-top-section elementor-element elementor-element-430432b elementor-section-boxed elementor-section-height-default elementor-section-height-default\" data-id=\"430432b\" data-element_type=\"section\">\n\t\t\t\t\t\t<div class=\"elementor-container elementor-column-gap-default\">\n\t\t\t\t\t<div class=\"elementor-column elementor-col-100 elementor-top-column elementor-element elementor-element-21a5070\" data-id=\"21a5070\" data-element_type=\"column\">\n\t\t\t<div class=\"elementor-widget-wrap elementor-element-populated\">\n\t\t\t\t\t\t<div class=\"elementor-element elementor-element-6f840f8 elementor-arrows-position-inside elementor-pagination-position-outside elementor-widget elementor-widget-image-carousel\" data-id=\"6f840f8\" data-element_type=\"widget\" data-settings=\"{&quot;navigation&quot;:&quot;both&quot;,&quot;autoplay&quot;:&quot;yes&quot;,&quot;pause_on_hover&quot;:&quot;yes&quot;,&quot;pause_on_interaction&quot;:&quot;yes&quot;,&quot;autoplay_speed&quot;:5000,&quot;infinite&quot;:&quot;yes&quot;,&quot;speed&quot;:500}\" data-widget_type=\"image-carousel.default\">\n\t\t\t\t<div class=\"elementor-widget-container\">\n\t\t\t<style>\/*! elementor - v3.19.0 - 28-02-2024 *\/\n.elementor-widget-image-carousel .swiper,.elementor-widget-image-carousel .swiper-container{position:static}.elementor-widget-image-carousel .swiper-container .swiper-slide figure,.elementor-widget-image-carousel .swiper .swiper-slide figure{line-height:inherit}.elementor-widget-image-carousel .swiper-slide{text-align:center}.elementor-image-carousel-wrapper:not(.swiper-container-initialized):not(.swiper-initialized) .swiper-slide{max-width:calc(100% \/ var(--e-image-carousel-slides-to-show, 3))}<\/style>\t\t<div class=\"elementor-image-carousel-wrapper swiper-container\" dir=\"ltr\">\n\t\t\t<div class=\"elementor-image-carousel swiper-wrapper\" aria-live=\"off\">\n\t\t\t\t\t\t\t\t<div class=\"swiper-slide\" role=\"group\" aria-roledescription=\"slide\" aria-label=\"1 of 7\"><figure class=\"swiper-slide-inner\"><img decoding=\"async\" class=\"swiper-slide-image\" src=\"https:\/\/www.villas-sunrays.com\/wp-content\/uploads\/2022\/04\/Location_F6_Sainte_Anne_Martinique_43-150x150.jpg\" alt=\"Location_F6_Sainte_Anne_Martinique_43\" \/><\/figure><\/div><div class=\"swiper-slide\" role=\"group\" aria-roledescription=\"slide\" aria-label=\"2 of 7\"><figure class=\"swiper-slide-inner\"><img decoding=\"async\" class=\"swiper-slide-image\" src=\"https:\/\/www.villas-sunrays.com\/wp-content\/uploads\/2022\/04\/Location_F6_Sainte_Anne_Martinique_12-150x150.jpg\" alt=\"Location_F6_Sainte_Anne_Martinique_12\" \/><\/figure><\/div><div class=\"swiper-slide\" role=\"group\" aria-roledescription=\"slide\" aria-label=\"3 of 7\"><figure class=\"swiper-slide-inner\"><img decoding=\"async\" class=\"swiper-slide-image\" src=\"https:\/\/www.villas-sunrays.com\/wp-content\/uploads\/2022\/04\/Location_F6_Sainte_Anne_Martinique_13-1-150x150.jpg\" alt=\"Location_F6_Sainte_Anne_Martinique_13\" \/><\/figure><\/div><div class=\"swiper-slide\" role=\"group\" aria-roledescription=\"slide\" aria-label=\"4 of 7\"><figure class=\"swiper-slide-inner\"><img decoding=\"async\" class=\"swiper-slide-image\" src=\"https:\/\/www.villas-sunrays.com\/wp-content\/uploads\/2022\/04\/Location_F6_Sainte_Anne_Martinique_27-150x150.jpg\" alt=\"Location_F6_Sainte_Anne_Martinique_27\" \/><\/figure><\/div><div class=\"swiper-slide\" role=\"group\" aria-roledescription=\"slide\" aria-label=\"5 of 7\"><figure class=\"swiper-slide-inner\"><img decoding=\"async\" class=\"swiper-slide-image\" src=\"https:\/\/www.villas-sunrays.com\/wp-content\/uploads\/2022\/04\/Location_F6_Sainte_Anne_Martinique_29-1-150x150.jpg\" alt=\"Location_F6_Sainte_Anne_Martinique_29\" \/><\/figure><\/div><div class=\"swiper-slide\" role=\"group\" aria-roledescription=\"slide\" aria-label=\"6 of 7\"><figure class=\"swiper-slide-inner\"><img decoding=\"async\" class=\"swiper-slide-image\" src=\"https:\/\/www.villas-sunrays.com\/wp-content\/uploads\/2022\/04\/Location_F6_Sainte_Anne_Martinique_30-150x150.jpg\" alt=\"Location_F6_Sainte_Anne_Martinique_30\" \/><\/figure><\/div><div class=\"swiper-slide\" role=\"group\" aria-roledescription=\"slide\" aria-label=\"7 of 7\"><figure class=\"swiper-slide-inner\"><img decoding=\"async\" class=\"swiper-slide-image\" src=\"https:\/\/www.villas-sunrays.com\/wp-content\/uploads\/2022\/04\/Location_F6_Sainte_Anne_Martinique_33-150x150.jpg\" alt=\"Location_F6_Sainte_Anne_Martinique_33\" \/><\/figure><\/div>\t\t\t<\/div>\n\t\t\t\t\t\t\t\t\t\t\t\t<div class=\"elementor-swiper-button elementor-swiper-button-prev\" role=\"button\" tabindex=\"0\">\n\t\t\t\t\t\t<i aria-hidden=\"true\" class=\"eicon-chevron-left\"><\/i>\t\t\t\t\t<\/div>\n\t\t\t\t\t<div class=\"elementor-swiper-button elementor-swiper-button-next\" role=\"button\" tabindex=\"0\">\n\t\t\t\t\t\t<i aria-hidden=\"true\" class=\"eicon-chevron-right\"><\/i>\t\t\t\t\t<\/div>\n\t\t\t\t\n\t\t\t\t\t\t\t\t\t<div class=\"swiper-pagination\"><\/div>\n\t\t\t\t\t\t\t\t\t<\/div>\n\t\t\t\t<\/div>\n\t\t\t\t<\/div>\n\t\t\t\t\t<\/div>\n\t\t<\/div>\n\t\t\t\t\t<\/div>\n\t\t<\/section>\n\t\t\t\t<section class=\"elementor-section elementor-top-section elementor-element elementor-element-2b61d6a elementor-section-boxed elementor-section-height-default elementor-section-height-default\" data-id=\"2b61d6a\" data-element_type=\"section\">\n\t\t\t\t\t\t<div class=\"elementor-container elementor-column-gap-default\">\n\t\t\t\t\t<div class=\"elementor-column elementor-col-100 elementor-top-column elementor-element elementor-element-24838e9\" data-id=\"24838e9\" data-element_type=\"column\">\n\t\t\t<div class=\"elementor-widget-wrap elementor-element-populated\">\n\t\t\t\t\t\t<div class=\"elementor-element elementor-element-37b31c1 elementor-widget elementor-widget-text-editor\" data-id=\"37b31c1\" data-element_type=\"widget\" data-widget_type=\"text-editor.default\">\n\t\t\t\t<div class=\"elementor-widget-container\">\n\t\t\t<style>\/*! elementor - v3.19.0 - 28-02-2024 *\/\n.elementor-widget-text-editor.elementor-drop-cap-view-stacked .elementor-drop-cap{background-color:#69727d;color:#fff}.elementor-widget-text-editor.elementor-drop-cap-view-framed .elementor-drop-cap{color:#69727d;border:3px solid;background-color:transparent}.elementor-widget-text-editor:not(.elementor-drop-cap-view-default) .elementor-drop-cap{margin-top:8px}.elementor-widget-text-editor:not(.elementor-drop-cap-view-default) .elementor-drop-cap-letter{width:1em;height:1em}.elementor-widget-text-editor .elementor-drop-cap{float:left;text-align:center;line-height:1;font-size:50px}.elementor-widget-text-editor .elementor-drop-cap-letter{display:inline-block}<\/style>\t\t\t\t<p>Pour 4 voyageurs . Le logement est enti\u00e8rement climatis\u00e9, avec une piscine &nbsp;et terrasse spacieuse ainsi qu\u2019une literie et linge de maison de grande qualit\u00e9.&nbsp;&nbsp;&nbsp;<\/p>\n<p>L\u2019appartement dispose 2 chambres avec leurs salles de bains ainsi de toutes les commodit\u00e9s (R\u00e9frig\u00e9rateur, four, lave vaisselle, lave- linge s\u00e9chant, douche ext\u00e9rieure, barbecue) salle de bains dans chaque chambres et du confort n\u00e9cessaire (climatisation, Tv Full HD + Netflix, Wifi). l&#8217;espace cl\u00f4tur\u00e9e, parking gratuit en tout tranquillit\u00e9 vos v\u00e9hicules sont \u00e0 l&#8217;int\u00e9rieur prot\u00e9g\u00e9s de tout nuisance.<\/p>\t\t\t\t\t\t<\/div>\n\t\t\t\t<\/div>\n\t\t\t\t\t<\/div>\n\t\t<\/div>\n\t\t\t\t\t<\/div>\n\t\t<\/section>\n\t\t\t\t<section class=\"elementor-section elementor-top-section elementor-element elementor-element-23bb959 elementor-section-boxed elementor-section-height-default elementor-section-height-default\" data-id=\"23bb959\" data-element_type=\"section\">\n\t\t\t\t\t\t<div class=\"elementor-container elementor-column-gap-default\">\n\t\t\t\t\t<div class=\"elementor-column elementor-col-50 elementor-top-column elementor-element elementor-element-97a8579\" data-id=\"97a8579\" data-element_type=\"column\">\n\t\t\t<div class=\"elementor-widget-wrap elementor-element-populated\">\n\t\t\t\t\t\t<div class=\"elementor-element elementor-element-3c78981 elementor-widget elementor-widget-text-editor\" data-id=\"3c78981\" data-element_type=\"widget\" data-widget_type=\"text-editor.default\">\n\t\t\t\t<div class=\"elementor-widget-container\">\n\t\t\t\t\t\t\t<p>Me Contacter<\/p><p><a href=\"tel:+596696324912\">+596 696 32 49 12<\/a><\/p><p>Email: <a href=\"mailto:lesunrays3@gmail.com\">lesunrays3@gmail.com<\/a><\/p>\t\t\t\t\t\t<\/div>\n\t\t\t\t<\/div>\n\t\t\t\t\t<\/div>\n\t\t<\/div>\n\t\t\t\t<div class=\"elementor-column elementor-col-50 elementor-top-column elementor-element elementor-element-2c812c35\" data-id=\"2c812c35\" data-element_type=\"column\">\n\t\t\t<div class=\"elementor-widget-wrap elementor-element-populated\">\n\t\t\t\t\t\t<div class=\"elementor-element elementor-element-1c43f7c8 elementor-widget elementor-widget-google_maps\" data-id=\"1c43f7c8\" data-element_type=\"widget\" data-widget_type=\"google_maps.default\">\n\t\t\t\t<div class=\"elementor-widget-container\">\n\t\t\t<style>\/*! elementor - v3.19.0 - 28-02-2024 *\/\n.elementor-widget-google_maps .elementor-widget-container{overflow:hidden}.elementor-widget-google_maps .elementor-custom-embed{line-height:0}.elementor-widget-google_maps iframe{height:300px}<\/style>\t\t<div class=\"elementor-custom-embed\">\n\t\t\t<iframe loading=\"lazy\"\n\t\t\t\t\tsrc=\"https:\/\/maps.google.com\/maps?q=10%20lot%20les%20oiseaux-97227-Sainte%20Anne-%20Martinique&#038;t=m&#038;z=10&#038;output=embed&#038;iwloc=near\"\n\t\t\t\t\ttitle=\"10 lot les oiseaux-97227-Sainte Anne- Martinique\"\n\t\t\t\t\taria-label=\"10 lot les oiseaux-97227-Sainte Anne- Martinique\"\n\t\t\t><\/iframe>\n\t\t<\/div>\n\t\t\t\t<\/div>\n\t\t\t\t<\/div>\n\t\t\t\t\t<\/div>\n\t\t<\/div>\n\t\t\t\t\t<\/div>\n\t\t<\/section>\n\t\t\t\t<\/div>\n\t\t","protected":false},"excerpt":{"rendered":"<p>Pr\u00e9c\u00e9dent Suivant Pour 4 voyageurs . Le logement est enti\u00e8rement climatis\u00e9, avec une piscine &nbsp;et terrasse spacieuse ainsi qu\u2019une literie et linge de maison de grande qualit\u00e9.&nbsp;&nbsp;&nbsp; L\u2019appartement dispose 2 chambres avec leurs salles de bains ainsi de toutes les commodit\u00e9s (R\u00e9frig\u00e9rateur, four, lave vaisselle, lave- linge s\u00e9chant, douche ext\u00e9rieure, barbecue) salle de bains dans [&hellip;]<\/p>\n","protected":false},"author":1,"featured_media":0,"parent":0,"menu_order":0,"comment_status":"closed","ping_status":"closed","template":"elementor_header_footer","meta":{"footnotes":""},"class_list":["post-282","page","type-page","status-publish","hentry","entry"],"jetpack_sharing_enabled":true,"_links":{"self":[{"href":"https:\/\/www.villas-sunrays.com\/index.php\/wp-json\/wp\/v2\/pages\/282","targetHints":{"allow":["GET"]}}],"collection":[{"href":"https:\/\/www.villas-sunrays.com\/index.php\/wp-json\/wp\/v2\/pages"}],"about":[{"href":"https:\/\/www.villas-sunrays.com\/index.php\/wp-json\/wp\/v2\/types\/page"}],"author":[{"embeddable":true,"href":"https:\/\/www.villas-sunrays.com\/index.php\/wp-json\/wp\/v2\/users\/1"}],"replies":[{"embeddable":true,"href":"https:\/\/www.villas-sunrays.com\/index.php\/wp-json\/wp\/v2\/comments?post=282"}],"version-history":[{"count":49,"href":"https:\/\/www.villas-sunrays.com\/index.php\/wp-json\/wp\/v2\/pages\/282\/revisions"}],"predecessor-version":[{"id":631,"href":"https:\/\/www.villas-sunrays.com\/index.php\/wp-json\/wp\/v2\/pages\/282\/revisions\/631"}],"wp:attachment":[{"href":"https:\/\/www.villas-sunrays.com\/index.php\/wp-json\/wp\/v2\/media?parent=282"}],"curies":[{"name":"wp","href":"https:\/\/api.w.org\/{rel}","templated":true}]}}