{"id":293,"date":"2022-04-14T03:06:15","date_gmt":"2022-04-14T01:06:15","guid":{"rendered":"https:\/\/www.villas-sunrays.com\/?page_id=293"},"modified":"2022-11-01T15:12:28","modified_gmt":"2022-11-01T14:12:28","slug":"bienvenue-en-martinique","status":"publish","type":"page","link":"https:\/\/www.villas-sunrays.com\/","title":{"rendered":"Accueil"},"content":{"rendered":"\t\t<div data-elementor-type=\"wp-page\" data-elementor-id=\"293\" class=\"elementor elementor-293\">\n\t\t\t\t\t\t<section class=\"elementor-section elementor-top-section elementor-element elementor-element-f0a71b5 elementor-section-boxed elementor-section-height-default elementor-section-height-default\" data-id=\"f0a71b5\" data-element_type=\"section\">\n\t\t\t\t\t\t<div class=\"elementor-container elementor-column-gap-default\">\n\t\t\t\t\t<div class=\"elementor-column elementor-col-100 elementor-top-column elementor-element elementor-element-4f33008\" data-id=\"4f33008\" data-element_type=\"column\">\n\t\t\t<div class=\"elementor-widget-wrap elementor-element-populated\">\n\t\t\t\t\t\t<div class=\"elementor-element elementor-element-b4db39c elementor-widget elementor-widget-text-editor\" data-id=\"b4db39c\" data-element_type=\"widget\" data-widget_type=\"text-editor.default\">\n\t\t\t\t<div class=\"elementor-widget-container\">\n\t\t\t<style>\/*! elementor - v3.19.0 - 28-02-2024 *\/\n.elementor-widget-text-editor.elementor-drop-cap-view-stacked .elementor-drop-cap{background-color:#69727d;color:#fff}.elementor-widget-text-editor.elementor-drop-cap-view-framed .elementor-drop-cap{color:#69727d;border:3px solid;background-color:transparent}.elementor-widget-text-editor:not(.elementor-drop-cap-view-default) .elementor-drop-cap{margin-top:8px}.elementor-widget-text-editor:not(.elementor-drop-cap-view-default) .elementor-drop-cap-letter{width:1em;height:1em}.elementor-widget-text-editor .elementor-drop-cap{float:left;text-align:center;line-height:1;font-size:50px}.elementor-widget-text-editor .elementor-drop-cap-letter{display:inline-block}<\/style>\t\t\t\t<p>Choisir les villas Sunrays pour votre s\u00e9jour, c\u2019est vous donner l\u2019occasion de passer des vacances exceptionnelles et inoubliables, \u00e0 l\u2019image de notre belle \u00eele aux fleurs, la Martinique. &nbsp;Par o\u00f9 commencer&nbsp;?! Imaginez-vous, le matin, vous r\u00e9veiller sous le chant des oiseaux, dans un lit moelleux. Ensuite, aller d\u00e9guster un d\u00e9licieux jus frais de fruits locaux tout en regardant le ciel bleu\u2026 On enchaine avec une marche matinale le long de la plage Les Salines \u00e0 deux pas, puis une petite visite de la ville pittoresque de Saint-Anne\u2026 et retour aux villas pour finir en d\u00e9gustant un doux planteur, sur sa belle terrasse autour de la piscine. Toujours pas convaincu&nbsp;?!! &nbsp;Le prix d&#8217;affiche \u00e0 l&#8217;accueil &nbsp;vous insiste \u00e0 r\u00e9serv\u00e9 pour un mois ou semaines.<\/p>\t\t\t\t\t\t<\/div>\n\t\t\t\t<\/div>\n\t\t\t\t\t<\/div>\n\t\t<\/div>\n\t\t\t\t\t<\/div>\n\t\t<\/section>\n\t\t\t\t<section class=\"elementor-section elementor-top-section elementor-element elementor-element-ddcb35d elementor-section-boxed elementor-section-height-default elementor-section-height-default\" data-id=\"ddcb35d\" data-element_type=\"section\">\n\t\t\t\t\t\t<div class=\"elementor-container elementor-column-gap-default\">\n\t\t\t\t\t<div class=\"elementor-column elementor-col-100 elementor-top-column elementor-element elementor-element-a5afe86\" data-id=\"a5afe86\" data-element_type=\"column\">\n\t\t\t<div class=\"elementor-widget-wrap elementor-element-populated\">\n\t\t\t\t\t\t<div class=\"elementor-element elementor-element-18b84e6 elementor-widget elementor-widget-image\" data-id=\"18b84e6\" data-element_type=\"widget\" data-widget_type=\"image.default\">\n\t\t\t\t<div class=\"elementor-widget-container\">\n\t\t\t<style>\/*! elementor - v3.19.0 - 28-02-2024 *\/\n.elementor-widget-image{text-align:center}.elementor-widget-image a{display:inline-block}.elementor-widget-image a img[src$=\".svg\"]{width:48px}.elementor-widget-image img{vertical-align:middle;display:inline-block}<\/style>\t\t\t\t\t\t\t\t\t\t<img fetchpriority=\"high\" decoding=\"async\" width=\"1024\" height=\"683\" src=\"https:\/\/www.villas-sunrays.com\/wp-content\/uploads\/2022\/04\/Location_F6_Sainte_Anne_Martinique_43-1024x683.jpg\" class=\"attachment-large size-large wp-image-47\" alt=\"\" srcset=\"https:\/\/www.villas-sunrays.com\/wp-content\/uploads\/2022\/04\/Location_F6_Sainte_Anne_Martinique_43-1024x683.jpg 1024w, https:\/\/www.villas-sunrays.com\/wp-content\/uploads\/2022\/04\/Location_F6_Sainte_Anne_Martinique_43-300x200.jpg 300w, https:\/\/www.villas-sunrays.com\/wp-content\/uploads\/2022\/04\/Location_F6_Sainte_Anne_Martinique_43-768x512.jpg 768w, https:\/\/www.villas-sunrays.com\/wp-content\/uploads\/2022\/04\/Location_F6_Sainte_Anne_Martinique_43-1536x1024.jpg 1536w, https:\/\/www.villas-sunrays.com\/wp-content\/uploads\/2022\/04\/Location_F6_Sainte_Anne_Martinique_43.jpg 2048w\" sizes=\"(max-width: 1024px) 100vw, 1024px\" \/>\t\t\t\t\t\t\t\t\t\t\t\t\t<\/div>\n\t\t\t\t<\/div>\n\t\t\t\t\t<\/div>\n\t\t<\/div>\n\t\t\t\t\t<\/div>\n\t\t<\/section>\n\t\t\t\t<section class=\"elementor-section elementor-top-section elementor-element elementor-element-6bb8df8 elementor-section-boxed elementor-section-height-default elementor-section-height-default\" data-id=\"6bb8df8\" data-element_type=\"section\">\n\t\t\t\t\t\t<div class=\"elementor-container elementor-column-gap-default\">\n\t\t\t\t\t<div class=\"elementor-column elementor-col-100 elementor-top-column elementor-element elementor-element-7c37392\" data-id=\"7c37392\" data-element_type=\"column\">\n\t\t\t<div class=\"elementor-widget-wrap elementor-element-populated\">\n\t\t\t\t\t\t<div class=\"elementor-element elementor-element-39efa55 elementor-widget elementor-widget-text-editor\" data-id=\"39efa55\" data-element_type=\"widget\" data-widget_type=\"text-editor.default\">\n\t\t\t\t<div class=\"elementor-widget-container\">\n\t\t\t\t\t\t\t<p>Les appartements Ajoupa au rez-de-chauss\u00e9e pour 6 voyageurs et Mirosia \u00e0 l&#8217;\u00e9tage pour 4 voyageurs \u00a0peut aussi regrouper 10 voyageurs \u00a0dans l&#8217;ensemble de la villas Sunrays, ce que nous vous recommandons.\u00a0<strong>Aller dans le menu pour faire vos r\u00e9servations. <\/strong>La\u00a0Villa Sunrays\u00a0se trouve dans une maison typique r\u00e9cemment r\u00e9nov\u00e9e, dans un quartier calme. Vous serez \u00e0 10 min en voiture des plus belles plages de l\u2019\u00eele (Les Salines, Cap Macr\u00e9, Cap Chevalier, Pointe Marin\u2026) o\u00f9 il vous sera possible de d\u00e9couvrir de nombreuses activit\u00e9s baln\u00e9aires (plong\u00e9e, paddle, randonn\u00e9es\u2026). Des \u00e9piceries locales, restaurants et autres commerces se trouvent aussi dans les alentours 5 min \u00e0 pied pour un incroyable s\u00e9jour.<\/p>\t\t\t\t\t\t<\/div>\n\t\t\t\t<\/div>\n\t\t\t\t\t<\/div>\n\t\t<\/div>\n\t\t\t\t\t<\/div>\n\t\t<\/section>\n\t\t\t\t<section class=\"elementor-section elementor-top-section elementor-element elementor-element-9f61470 elementor-section-boxed elementor-section-height-default elementor-section-height-default\" data-id=\"9f61470\" data-element_type=\"section\">\n\t\t\t\t\t\t<div class=\"elementor-container elementor-column-gap-default\">\n\t\t\t\t\t<div class=\"elementor-column elementor-col-100 elementor-top-column elementor-element elementor-element-b3d0bd8\" data-id=\"b3d0bd8\" data-element_type=\"column\">\n\t\t\t<div class=\"elementor-widget-wrap elementor-element-populated\">\n\t\t\t\t\t\t<div class=\"elementor-element elementor-element-d9da348 elementor-arrows-position-inside elementor-pagination-position-outside elementor-widget elementor-widget-image-carousel\" data-id=\"d9da348\" data-element_type=\"widget\" data-settings=\"{&quot;navigation&quot;:&quot;both&quot;,&quot;autoplay&quot;:&quot;yes&quot;,&quot;pause_on_hover&quot;:&quot;yes&quot;,&quot;pause_on_interaction&quot;:&quot;yes&quot;,&quot;autoplay_speed&quot;:5000,&quot;infinite&quot;:&quot;yes&quot;,&quot;speed&quot;:500}\" data-widget_type=\"image-carousel.default\">\n\t\t\t\t<div class=\"elementor-widget-container\">\n\t\t\t<style>\/*! elementor - v3.19.0 - 28-02-2024 *\/\n.elementor-widget-image-carousel .swiper,.elementor-widget-image-carousel .swiper-container{position:static}.elementor-widget-image-carousel .swiper-container .swiper-slide figure,.elementor-widget-image-carousel .swiper .swiper-slide figure{line-height:inherit}.elementor-widget-image-carousel .swiper-slide{text-align:center}.elementor-image-carousel-wrapper:not(.swiper-container-initialized):not(.swiper-initialized) .swiper-slide{max-width:calc(100% \/ var(--e-image-carousel-slides-to-show, 3))}<\/style>\t\t<div class=\"elementor-image-carousel-wrapper swiper-container\" dir=\"ltr\">\n\t\t\t<div class=\"elementor-image-carousel swiper-wrapper\" aria-live=\"off\">\n\t\t\t\t\t\t\t\t<div class=\"swiper-slide\" role=\"group\" aria-roledescription=\"slide\" aria-label=\"1 of 6\"><figure class=\"swiper-slide-inner\"><img decoding=\"async\" class=\"swiper-slide-image\" src=\"https:\/\/www.villas-sunrays.com\/wp-content\/uploads\/2022\/04\/Location_F6_Sainte_Anne_Martinique_43-1024x683.jpg\" alt=\"Location_F6_Sainte_Anne_Martinique_43\" \/><\/figure><\/div><div class=\"swiper-slide\" role=\"group\" aria-roledescription=\"slide\" aria-label=\"2 of 6\"><figure class=\"swiper-slide-inner\"><img decoding=\"async\" class=\"swiper-slide-image\" src=\"https:\/\/www.villas-sunrays.com\/wp-content\/uploads\/2022\/04\/Location_F6_Sainte_Anne_Martinique_36-1024x682.jpg\" alt=\"Location_F6_Sainte_Anne_Martinique_36\" \/><\/figure><\/div><div class=\"swiper-slide\" role=\"group\" aria-roledescription=\"slide\" aria-label=\"3 of 6\"><figure class=\"swiper-slide-inner\"><img decoding=\"async\" class=\"swiper-slide-image\" src=\"https:\/\/www.villas-sunrays.com\/wp-content\/uploads\/2022\/04\/Location_F6_Sainte_Anne_Martinique_45-1024x683.jpg\" alt=\"Location_F6_Sainte_Anne_Martinique_45\" \/><\/figure><\/div><div class=\"swiper-slide\" role=\"group\" aria-roledescription=\"slide\" aria-label=\"4 of 6\"><figure class=\"swiper-slide-inner\"><img decoding=\"async\" class=\"swiper-slide-image\" src=\"https:\/\/www.villas-sunrays.com\/wp-content\/uploads\/2022\/04\/Location_F6_Sainte_Anne_Martinique_40-1-1024x683.jpg\" alt=\"Location_F6_Sainte_Anne_Martinique_40\" \/><\/figure><\/div><div class=\"swiper-slide\" role=\"group\" aria-roledescription=\"slide\" aria-label=\"5 of 6\"><figure class=\"swiper-slide-inner\"><img decoding=\"async\" class=\"swiper-slide-image\" src=\"https:\/\/www.villas-sunrays.com\/wp-content\/uploads\/2022\/04\/Location_F6_Sainte_Anne_Martinique_09-1-1024x682.jpg\" alt=\"Location_F6_Sainte_Anne_Martinique_09\" \/><\/figure><\/div><div class=\"swiper-slide\" role=\"group\" aria-roledescription=\"slide\" aria-label=\"6 of 6\"><figure class=\"swiper-slide-inner\"><img decoding=\"async\" class=\"swiper-slide-image\" src=\"https:\/\/www.villas-sunrays.com\/wp-content\/uploads\/2022\/04\/Location_F6_Sainte_Anne_Martinique_54-1024x678.jpg\" alt=\"Location_F6_Sainte_Anne_Martinique_54\" \/><\/figure><\/div>\t\t\t<\/div>\n\t\t\t\t\t\t\t\t\t\t\t\t<div class=\"elementor-swiper-button elementor-swiper-button-prev\" role=\"button\" tabindex=\"0\">\n\t\t\t\t\t\t<i aria-hidden=\"true\" class=\"eicon-chevron-left\"><\/i>\t\t\t\t\t<\/div>\n\t\t\t\t\t<div class=\"elementor-swiper-button elementor-swiper-button-next\" role=\"button\" tabindex=\"0\">\n\t\t\t\t\t\t<i aria-hidden=\"true\" class=\"eicon-chevron-right\"><\/i>\t\t\t\t\t<\/div>\n\t\t\t\t\n\t\t\t\t\t\t\t\t\t<div class=\"swiper-pagination\"><\/div>\n\t\t\t\t\t\t\t\t\t<\/div>\n\t\t\t\t<\/div>\n\t\t\t\t<\/div>\n\t\t\t\t\t<\/div>\n\t\t<\/div>\n\t\t\t\t\t<\/div>\n\t\t<\/section>\n\t\t\t\t<section class=\"elementor-section elementor-top-section elementor-element elementor-element-5fb4fcc elementor-section-boxed elementor-section-height-default elementor-section-height-default\" data-id=\"5fb4fcc\" data-element_type=\"section\">\n\t\t\t\t\t\t<div class=\"elementor-container elementor-column-gap-default\">\n\t\t\t\t\t<div class=\"elementor-column elementor-col-50 elementor-top-column elementor-element elementor-element-e3ffb6e\" data-id=\"e3ffb6e\" data-element_type=\"column\">\n\t\t\t<div class=\"elementor-widget-wrap elementor-element-populated\">\n\t\t\t\t\t\t<div class=\"elementor-element elementor-element-7aab7b6 elementor-widget elementor-widget-text-editor\" data-id=\"7aab7b6\" data-element_type=\"widget\" data-widget_type=\"text-editor.default\">\n\t\t\t\t<div class=\"elementor-widget-container\">\n\t\t\t\t\t\t\t<p>Me Contacter<\/p><p><a href=\"tel:+596696324912\">+596 696 32 49 12<\/a><\/p><p>Email: <a href=\"mailto:lesunrays3@gmail.com\">lesunrays3@gmail.com<\/a><\/p>\t\t\t\t\t\t<\/div>\n\t\t\t\t<\/div>\n\t\t\t\t\t<\/div>\n\t\t<\/div>\n\t\t\t\t<div class=\"elementor-column elementor-col-50 elementor-top-column elementor-element elementor-element-e517bb6\" data-id=\"e517bb6\" data-element_type=\"column\">\n\t\t\t<div class=\"elementor-widget-wrap elementor-element-populated\">\n\t\t\t\t\t\t<div class=\"elementor-element elementor-element-e5875d1 elementor-widget elementor-widget-google_maps\" data-id=\"e5875d1\" data-element_type=\"widget\" data-widget_type=\"google_maps.default\">\n\t\t\t\t<div class=\"elementor-widget-container\">\n\t\t\t<style>\/*! elementor - v3.19.0 - 28-02-2024 *\/\n.elementor-widget-google_maps .elementor-widget-container{overflow:hidden}.elementor-widget-google_maps .elementor-custom-embed{line-height:0}.elementor-widget-google_maps iframe{height:300px}<\/style>\t\t<div class=\"elementor-custom-embed\">\n\t\t\t<iframe loading=\"lazy\"\n\t\t\t\t\tsrc=\"https:\/\/maps.google.com\/maps?q=10%20lot%20les%20oiseaux-97227-Sainte%20Anne-%20Martinique&#038;t=m&#038;z=10&#038;output=embed&#038;iwloc=near\"\n\t\t\t\t\ttitle=\"10 lot les oiseaux-97227-Sainte Anne- Martinique\"\n\t\t\t\t\taria-label=\"10 lot les oiseaux-97227-Sainte Anne- Martinique\"\n\t\t\t><\/iframe>\n\t\t<\/div>\n\t\t\t\t<\/div>\n\t\t\t\t<\/div>\n\t\t\t\t\t<\/div>\n\t\t<\/div>\n\t\t\t\t\t<\/div>\n\t\t<\/section>\n\t\t\t\t<section class=\"elementor-section elementor-top-section elementor-element elementor-element-a35eb92 elementor-section-boxed elementor-section-height-default elementor-section-height-default\" data-id=\"a35eb92\" data-element_type=\"section\">\n\t\t\t\t\t\t<div class=\"elementor-container elementor-column-gap-default\">\n\t\t\t\t\t<div class=\"elementor-column elementor-col-100 elementor-top-column elementor-element elementor-element-4b78123\" data-id=\"4b78123\" data-element_type=\"column\">\n\t\t\t<div class=\"elementor-widget-wrap elementor-element-populated\">\n\t\t\t\t\t\t<div class=\"elementor-element elementor-element-f923c01 elementor-widget elementor-widget-heading\" data-id=\"f923c01\" data-element_type=\"widget\" data-widget_type=\"heading.default\">\n\t\t\t\t<div class=\"elementor-widget-container\">\n\t\t\t<style>\/*! elementor - v3.19.0 - 28-02-2024 *\/\n.elementor-heading-title{padding:0;margin:0;line-height:1}.elementor-widget-heading .elementor-heading-title[class*=elementor-size-]>a{color:inherit;font-size:inherit;line-height:inherit}.elementor-widget-heading .elementor-heading-title.elementor-size-small{font-size:15px}.elementor-widget-heading .elementor-heading-title.elementor-size-medium{font-size:19px}.elementor-widget-heading .elementor-heading-title.elementor-size-large{font-size:29px}.elementor-widget-heading .elementor-heading-title.elementor-size-xl{font-size:39px}.elementor-widget-heading .elementor-heading-title.elementor-size-xxl{font-size:59px}<\/style><h2 class=\"elementor-heading-title elementor-size-default\">Les alentours \u00e0 visiter<\/h2>\t\t<\/div>\n\t\t\t\t<\/div>\n\t\t\t\t\t<\/div>\n\t\t<\/div>\n\t\t\t\t\t<\/div>\n\t\t<\/section>\n\t\t\t\t<section class=\"elementor-section elementor-top-section elementor-element elementor-element-b5eb5d6 elementor-section-boxed elementor-section-height-default elementor-section-height-default\" data-id=\"b5eb5d6\" data-element_type=\"section\">\n\t\t\t\t\t\t<div class=\"elementor-container elementor-column-gap-default\">\n\t\t\t\t\t<div class=\"elementor-column elementor-col-25 elementor-top-column elementor-element elementor-element-792f68e\" data-id=\"792f68e\" data-element_type=\"column\">\n\t\t\t<div class=\"elementor-widget-wrap elementor-element-populated\">\n\t\t\t\t\t\t<div class=\"elementor-element elementor-element-d3c0096 elementor-widget elementor-widget-video\" data-id=\"d3c0096\" data-element_type=\"widget\" data-settings=\"{&quot;youtube_url&quot;:&quot;https:\\\/\\\/youtu.be\\\/9vKcultlch0&quot;,&quot;video_type&quot;:&quot;youtube&quot;,&quot;controls&quot;:&quot;yes&quot;}\" data-widget_type=\"video.default\">\n\t\t\t\t<div class=\"elementor-widget-container\">\n\t\t\t<style>\/*! elementor - v3.19.0 - 28-02-2024 *\/\n.elementor-widget-video .elementor-widget-container{overflow:hidden;transform:translateZ(0)}.elementor-widget-video .elementor-wrapper{aspect-ratio:var(--video-aspect-ratio)}.elementor-widget-video .elementor-wrapper iframe,.elementor-widget-video .elementor-wrapper video{height:100%;width:100%;display:flex;border:none;background-color:#000}@supports not (aspect-ratio:1\/1){.elementor-widget-video .elementor-wrapper{position:relative;overflow:hidden;height:0;padding-bottom:calc(100% \/ var(--video-aspect-ratio))}.elementor-widget-video .elementor-wrapper iframe,.elementor-widget-video .elementor-wrapper video{position:absolute;top:0;right:0;bottom:0;left:0}}.elementor-widget-video .elementor-open-inline .elementor-custom-embed-image-overlay{position:absolute;top:0;right:0;bottom:0;left:0;background-size:cover;background-position:50%}.elementor-widget-video .elementor-custom-embed-image-overlay{cursor:pointer;text-align:center}.elementor-widget-video .elementor-custom-embed-image-overlay:hover .elementor-custom-embed-play i{opacity:1}.elementor-widget-video .elementor-custom-embed-image-overlay img{display:block;width:100%;aspect-ratio:var(--video-aspect-ratio);-o-object-fit:cover;object-fit:cover;-o-object-position:center center;object-position:center center}@supports not (aspect-ratio:1\/1){.elementor-widget-video .elementor-custom-embed-image-overlay{position:relative;overflow:hidden;height:0;padding-bottom:calc(100% \/ var(--video-aspect-ratio))}.elementor-widget-video .elementor-custom-embed-image-overlay img{position:absolute;top:0;right:0;bottom:0;left:0}}.elementor-widget-video .e-hosted-video .elementor-video{-o-object-fit:cover;object-fit:cover}.e-con-inner>.elementor-widget-video,.e-con>.elementor-widget-video{width:var(--container-widget-width);--flex-grow:var(--container-widget-flex-grow)}<\/style>\t\t<div class=\"elementor-wrapper elementor-open-inline\">\n\t\t\t<div class=\"elementor-video\"><\/div>\t\t<\/div>\n\t\t\t\t<\/div>\n\t\t\t\t<\/div>\n\t\t\t\t\t<\/div>\n\t\t<\/div>\n\t\t\t\t<div class=\"elementor-column elementor-col-25 elementor-top-column elementor-element elementor-element-977b0ff\" data-id=\"977b0ff\" data-element_type=\"column\">\n\t\t\t<div class=\"elementor-widget-wrap elementor-element-populated\">\n\t\t\t\t\t\t<div class=\"elementor-element elementor-element-79ddd7b elementor-widget elementor-widget-image\" data-id=\"79ddd7b\" data-element_type=\"widget\" data-widget_type=\"image.default\">\n\t\t\t\t<div class=\"elementor-widget-container\">\n\t\t\t\t\t\t\t\t\t\t\t\t\t<img decoding=\"async\" width=\"1024\" height=\"684\" src=\"https:\/\/www.villas-sunrays.com\/wp-content\/uploads\/2022\/04\/DSC_0644-1-1024x684.jpg\" class=\"attachment-large size-large wp-image-67\" alt=\"\" srcset=\"https:\/\/www.villas-sunrays.com\/wp-content\/uploads\/2022\/04\/DSC_0644-1-1024x684.jpg 1024w, https:\/\/www.villas-sunrays.com\/wp-content\/uploads\/2022\/04\/DSC_0644-1-300x201.jpg 300w, https:\/\/www.villas-sunrays.com\/wp-content\/uploads\/2022\/04\/DSC_0644-1-768x513.jpg 768w, https:\/\/www.villas-sunrays.com\/wp-content\/uploads\/2022\/04\/DSC_0644-1-1536x1027.jpg 1536w, https:\/\/www.villas-sunrays.com\/wp-content\/uploads\/2022\/04\/DSC_0644-1-2048x1369.jpg 2048w\" sizes=\"(max-width: 1024px) 100vw, 1024px\" \/>\t\t\t\t\t\t\t\t\t\t\t\t\t<\/div>\n\t\t\t\t<\/div>\n\t\t\t\t\t<\/div>\n\t\t<\/div>\n\t\t\t\t<div class=\"elementor-column elementor-col-25 elementor-top-column elementor-element elementor-element-ca1cbc0\" data-id=\"ca1cbc0\" data-element_type=\"column\">\n\t\t\t<div class=\"elementor-widget-wrap elementor-element-populated\">\n\t\t\t\t\t\t<div class=\"elementor-element elementor-element-e62dd1e elementor-widget elementor-widget-image\" data-id=\"e62dd1e\" data-element_type=\"widget\" data-widget_type=\"image.default\">\n\t\t\t\t<div class=\"elementor-widget-container\">\n\t\t\t\t\t\t\t\t\t\t\t\t\t<img decoding=\"async\" width=\"1024\" height=\"684\" src=\"https:\/\/www.villas-sunrays.com\/wp-content\/uploads\/2022\/04\/DSC_0667-1-1024x684.jpg\" class=\"attachment-large size-large wp-image-69\" alt=\"\" srcset=\"https:\/\/www.villas-sunrays.com\/wp-content\/uploads\/2022\/04\/DSC_0667-1-1024x684.jpg 1024w, https:\/\/www.villas-sunrays.com\/wp-content\/uploads\/2022\/04\/DSC_0667-1-300x201.jpg 300w, https:\/\/www.villas-sunrays.com\/wp-content\/uploads\/2022\/04\/DSC_0667-1-768x513.jpg 768w, https:\/\/www.villas-sunrays.com\/wp-content\/uploads\/2022\/04\/DSC_0667-1-1536x1027.jpg 1536w, https:\/\/www.villas-sunrays.com\/wp-content\/uploads\/2022\/04\/DSC_0667-1-2048x1369.jpg 2048w\" sizes=\"(max-width: 1024px) 100vw, 1024px\" \/>\t\t\t\t\t\t\t\t\t\t\t\t\t<\/div>\n\t\t\t\t<\/div>\n\t\t\t\t\t<\/div>\n\t\t<\/div>\n\t\t\t\t<div class=\"elementor-column elementor-col-25 elementor-top-column elementor-element elementor-element-cd7923a\" data-id=\"cd7923a\" data-element_type=\"column\">\n\t\t\t<div class=\"elementor-widget-wrap elementor-element-populated\">\n\t\t\t\t\t\t<div class=\"elementor-element elementor-element-f566922 elementor-widget elementor-widget-image\" data-id=\"f566922\" data-element_type=\"widget\" data-widget_type=\"image.default\">\n\t\t\t\t<div class=\"elementor-widget-container\">\n\t\t\t\t\t\t\t\t\t\t\t\t\t<img loading=\"lazy\" decoding=\"async\" width=\"1024\" height=\"684\" src=\"https:\/\/www.villas-sunrays.com\/wp-content\/uploads\/2022\/04\/DSC_0588-1-1024x684.jpg\" class=\"attachment-large size-large wp-image-50\" alt=\"Le moulin de Val d&#039;or\" srcset=\"https:\/\/www.villas-sunrays.com\/wp-content\/uploads\/2022\/04\/DSC_0588-1-1024x684.jpg 1024w, https:\/\/www.villas-sunrays.com\/wp-content\/uploads\/2022\/04\/DSC_0588-1-300x201.jpg 300w, https:\/\/www.villas-sunrays.com\/wp-content\/uploads\/2022\/04\/DSC_0588-1-768x513.jpg 768w, https:\/\/www.villas-sunrays.com\/wp-content\/uploads\/2022\/04\/DSC_0588-1-1536x1027.jpg 1536w, https:\/\/www.villas-sunrays.com\/wp-content\/uploads\/2022\/04\/DSC_0588-1-2048x1369.jpg 2048w\" sizes=\"(max-width: 1024px) 100vw, 1024px\" \/>\t\t\t\t\t\t\t\t\t\t\t\t\t<\/div>\n\t\t\t\t<\/div>\n\t\t\t\t\t<\/div>\n\t\t<\/div>\n\t\t\t\t\t<\/div>\n\t\t<\/section>\n\t\t\t\t<\/div>\n\t\t","protected":false},"excerpt":{"rendered":"<p>Choisir les villas Sunrays pour votre s\u00e9jour, c\u2019est vous donner l\u2019occasion de passer des vacances exceptionnelles et inoubliables, \u00e0 l\u2019image de notre belle \u00eele aux fleurs, la Martinique. &nbsp;Par o\u00f9 commencer&nbsp;?! Imaginez-vous, le matin, vous r\u00e9veiller sous le chant des oiseaux, dans un lit moelleux. Ensuite, aller d\u00e9guster un d\u00e9licieux jus frais de fruits locaux [&hellip;]<\/p>\n","protected":false},"author":1,"featured_media":0,"parent":0,"menu_order":0,"comment_status":"closed","ping_status":"closed","template":"elementor_header_footer","meta":{"footnotes":""},"class_list":["post-293","page","type-page","status-publish","hentry","entry"],"jetpack_sharing_enabled":true,"_links":{"self":[{"href":"https:\/\/www.villas-sunrays.com\/index.php\/wp-json\/wp\/v2\/pages\/293","targetHints":{"allow":["GET"]}}],"collection":[{"href":"https:\/\/www.villas-sunrays.com\/index.php\/wp-json\/wp\/v2\/pages"}],"about":[{"href":"https:\/\/www.villas-sunrays.com\/index.php\/wp-json\/wp\/v2\/types\/page"}],"author":[{"embeddable":true,"href":"https:\/\/www.villas-sunrays.com\/index.php\/wp-json\/wp\/v2\/users\/1"}],"replies":[{"embeddable":true,"href":"https:\/\/www.villas-sunrays.com\/index.php\/wp-json\/wp\/v2\/comments?post=293"}],"version-history":[{"count":68,"href":"https:\/\/www.villas-sunrays.com\/index.php\/wp-json\/wp\/v2\/pages\/293\/revisions"}],"predecessor-version":[{"id":651,"href":"https:\/\/www.villas-sunrays.com\/index.php\/wp-json\/wp\/v2\/pages\/293\/revisions\/651"}],"wp:attachment":[{"href":"https:\/\/www.villas-sunrays.com\/index.php\/wp-json\/wp\/v2\/media?parent=293"}],"curies":[{"name":"wp","href":"https:\/\/api.w.org\/{rel}","templated":true}]}}