{"id":577,"date":"2022-05-19T19:32:53","date_gmt":"2022-05-19T17:32:53","guid":{"rendered":"https:\/\/www.villas-sunrays.com\/?page_id=577"},"modified":"2022-05-27T18:49:53","modified_gmt":"2022-05-27T16:49:53","slug":"villas-sunrays-10-voyageurs","status":"publish","type":"page","link":"https:\/\/www.villas-sunrays.com\/index.php\/villas-sunrays-10-voyageurs\/","title":{"rendered":"Villas Sunrays 10 voyageurs"},"content":{"rendered":"\t\t<div data-elementor-type=\"wp-page\" data-elementor-id=\"577\" class=\"elementor elementor-577\">\n\t\t\t\t\t\t<section class=\"elementor-section elementor-top-section elementor-element elementor-element-10cf4e67 elementor-section-boxed elementor-section-height-default elementor-section-height-default\" data-id=\"10cf4e67\" data-element_type=\"section\">\n\t\t\t\t\t\t<div class=\"elementor-container elementor-column-gap-default\">\n\t\t\t\t\t<div class=\"elementor-column elementor-col-100 elementor-top-column elementor-element elementor-element-4f539f8d\" data-id=\"4f539f8d\" data-element_type=\"column\">\n\t\t\t<div class=\"elementor-widget-wrap elementor-element-populated\">\n\t\t\t\t\t\t<div class=\"elementor-element elementor-element-b02cdba elementor-widget elementor-widget-text-editor\" data-id=\"b02cdba\" data-element_type=\"widget\" data-widget_type=\"text-editor.default\">\n\t\t\t\t<div class=\"elementor-widget-container\">\n\t\t\t<style>\/*! elementor - v3.19.0 - 28-02-2024 *\/\n.elementor-widget-text-editor.elementor-drop-cap-view-stacked .elementor-drop-cap{background-color:#69727d;color:#fff}.elementor-widget-text-editor.elementor-drop-cap-view-framed .elementor-drop-cap{color:#69727d;border:3px solid;background-color:transparent}.elementor-widget-text-editor:not(.elementor-drop-cap-view-default) .elementor-drop-cap{margin-top:8px}.elementor-widget-text-editor:not(.elementor-drop-cap-view-default) .elementor-drop-cap-letter{width:1em;height:1em}.elementor-widget-text-editor .elementor-drop-cap{float:left;text-align:center;line-height:1;font-size:50px}.elementor-widget-text-editor .elementor-drop-cap-letter{display:inline-block}<\/style>\t\t\t\t<!-- wp:paragraph -->\n<p>Vous auriez la possibilit\u00e9 de r\u00e9server enti\u00e8rement la villa pour 8 \u00e0 10 voyageurs pour une famille nombreuse avec une piscine priv\u00e9e et terrasse spacieuse ainsi qu\u2019une literies et linge de maison de grande qualit\u00e9, une vaste terrasse, pour vous seul avec vos amis ou famille.<\/p>\n<!-- \/wp:paragraph -->\t\t\t\t\t\t<\/div>\n\t\t\t\t<\/div>\n\t\t\t\t\t<\/div>\n\t\t<\/div>\n\t\t\t\t\t<\/div>\n\t\t<\/section>\n\t\t\t\t<section class=\"elementor-section elementor-top-section elementor-element elementor-element-5db0fd2 elementor-section-boxed elementor-section-height-default elementor-section-height-default\" data-id=\"5db0fd2\" data-element_type=\"section\">\n\t\t\t\t\t\t<div class=\"elementor-container elementor-column-gap-default\">\n\t\t\t\t\t<div class=\"elementor-column elementor-col-100 elementor-top-column elementor-element elementor-element-9845a4b\" data-id=\"9845a4b\" data-element_type=\"column\">\n\t\t\t<div class=\"elementor-widget-wrap elementor-element-populated\">\n\t\t\t\t\t\t<div class=\"elementor-element elementor-element-6749701 elementor-widget elementor-widget-image\" data-id=\"6749701\" data-element_type=\"widget\" data-widget_type=\"image.default\">\n\t\t\t\t<div class=\"elementor-widget-container\">\n\t\t\t<style>\/*! elementor - v3.19.0 - 28-02-2024 *\/\n.elementor-widget-image{text-align:center}.elementor-widget-image a{display:inline-block}.elementor-widget-image a img[src$=\".svg\"]{width:48px}.elementor-widget-image img{vertical-align:middle;display:inline-block}<\/style>\t\t\t\t\t\t\t\t\t\t<img fetchpriority=\"high\" decoding=\"async\" width=\"1024\" height=\"683\" src=\"https:\/\/www.villas-sunrays.com\/wp-content\/uploads\/2022\/04\/Location_F6_Sainte_Anne_Martinique_44-1024x683.jpg\" class=\"attachment-large size-large wp-image-32\" alt=\"\" srcset=\"https:\/\/www.villas-sunrays.com\/wp-content\/uploads\/2022\/04\/Location_F6_Sainte_Anne_Martinique_44-1024x683.jpg 1024w, https:\/\/www.villas-sunrays.com\/wp-content\/uploads\/2022\/04\/Location_F6_Sainte_Anne_Martinique_44-300x200.jpg 300w, https:\/\/www.villas-sunrays.com\/wp-content\/uploads\/2022\/04\/Location_F6_Sainte_Anne_Martinique_44-768x512.jpg 768w, https:\/\/www.villas-sunrays.com\/wp-content\/uploads\/2022\/04\/Location_F6_Sainte_Anne_Martinique_44-1536x1024.jpg 1536w, https:\/\/www.villas-sunrays.com\/wp-content\/uploads\/2022\/04\/Location_F6_Sainte_Anne_Martinique_44.jpg 2048w\" sizes=\"(max-width: 1024px) 100vw, 1024px\" \/>\t\t\t\t\t\t\t\t\t\t\t\t\t<\/div>\n\t\t\t\t<\/div>\n\t\t\t\t\t<\/div>\n\t\t<\/div>\n\t\t\t\t\t<\/div>\n\t\t<\/section>\n\t\t\t\t<section class=\"elementor-section elementor-top-section elementor-element elementor-element-d07a5c7 elementor-section-boxed elementor-section-height-default elementor-section-height-default\" data-id=\"d07a5c7\" data-element_type=\"section\">\n\t\t\t\t\t\t<div class=\"elementor-container elementor-column-gap-default\">\n\t\t\t\t\t<div class=\"elementor-column elementor-col-100 elementor-top-column elementor-element elementor-element-768cb45\" data-id=\"768cb45\" data-element_type=\"column\">\n\t\t\t<div class=\"elementor-widget-wrap elementor-element-populated\">\n\t\t\t\t\t\t<div class=\"elementor-element elementor-element-05d68a9 elementor-arrows-position-inside elementor-pagination-position-outside elementor-widget elementor-widget-image-carousel\" data-id=\"05d68a9\" data-element_type=\"widget\" data-settings=\"{&quot;navigation&quot;:&quot;both&quot;,&quot;autoplay&quot;:&quot;yes&quot;,&quot;pause_on_hover&quot;:&quot;yes&quot;,&quot;pause_on_interaction&quot;:&quot;yes&quot;,&quot;autoplay_speed&quot;:5000,&quot;infinite&quot;:&quot;yes&quot;,&quot;speed&quot;:500}\" data-widget_type=\"image-carousel.default\">\n\t\t\t\t<div class=\"elementor-widget-container\">\n\t\t\t<style>\/*! elementor - v3.19.0 - 28-02-2024 *\/\n.elementor-widget-image-carousel .swiper,.elementor-widget-image-carousel .swiper-container{position:static}.elementor-widget-image-carousel .swiper-container .swiper-slide figure,.elementor-widget-image-carousel .swiper .swiper-slide figure{line-height:inherit}.elementor-widget-image-carousel .swiper-slide{text-align:center}.elementor-image-carousel-wrapper:not(.swiper-container-initialized):not(.swiper-initialized) .swiper-slide{max-width:calc(100% \/ var(--e-image-carousel-slides-to-show, 3))}<\/style>\t\t<div class=\"elementor-image-carousel-wrapper swiper-container\" dir=\"ltr\">\n\t\t\t<div class=\"elementor-image-carousel swiper-wrapper\" aria-live=\"off\">\n\t\t\t\t\t\t\t\t<div class=\"swiper-slide\" role=\"group\" aria-roledescription=\"slide\" aria-label=\"1 of 20\"><figure class=\"swiper-slide-inner\"><img decoding=\"async\" class=\"swiper-slide-image\" src=\"https:\/\/www.villas-sunrays.com\/wp-content\/uploads\/2022\/05\/Location_F6_Sainte_Anne_Martinique_06-150x150.jpg\" alt=\"Location_F6_Sainte_Anne_Martinique_06\" \/><\/figure><\/div><div class=\"swiper-slide\" role=\"group\" aria-roledescription=\"slide\" aria-label=\"2 of 20\"><figure class=\"swiper-slide-inner\"><img decoding=\"async\" class=\"swiper-slide-image\" src=\"https:\/\/www.villas-sunrays.com\/wp-content\/uploads\/2022\/05\/Location_F6_Sainte_Anne_Martinique_13-150x150.jpg\" alt=\"Location_F6_Sainte_Anne_Martinique_13\" \/><\/figure><\/div><div class=\"swiper-slide\" role=\"group\" aria-roledescription=\"slide\" aria-label=\"3 of 20\"><figure class=\"swiper-slide-inner\"><img decoding=\"async\" class=\"swiper-slide-image\" src=\"https:\/\/www.villas-sunrays.com\/wp-content\/uploads\/2022\/04\/Location_F6_Sainte_Anne_Martinique_41-150x150.jpg\" alt=\"Location_F6_Sainte_Anne_Martinique_41\" \/><\/figure><\/div><div class=\"swiper-slide\" role=\"group\" aria-roledescription=\"slide\" aria-label=\"4 of 20\"><figure class=\"swiper-slide-inner\"><img decoding=\"async\" class=\"swiper-slide-image\" src=\"https:\/\/www.villas-sunrays.com\/wp-content\/uploads\/2022\/04\/Location_F6_Sainte_Anne_Martinique_17-150x150.jpg\" alt=\"Location_F6_Sainte_Anne_Martinique_17\" \/><\/figure><\/div><div class=\"swiper-slide\" role=\"group\" aria-roledescription=\"slide\" aria-label=\"5 of 20\"><figure class=\"swiper-slide-inner\"><img decoding=\"async\" class=\"swiper-slide-image\" src=\"https:\/\/www.villas-sunrays.com\/wp-content\/uploads\/2022\/05\/Location_F6_Sainte_Anne_Martinique_08-150x150.jpg\" alt=\"Location_F6_Sainte_Anne_Martinique_08\" \/><\/figure><\/div><div class=\"swiper-slide\" role=\"group\" aria-roledescription=\"slide\" aria-label=\"6 of 20\"><figure class=\"swiper-slide-inner\"><img decoding=\"async\" class=\"swiper-slide-image\" src=\"https:\/\/www.villas-sunrays.com\/wp-content\/uploads\/2022\/04\/Location_F6_Sainte_Anne_Martinique_12-150x150.jpg\" alt=\"Location_F6_Sainte_Anne_Martinique_12\" \/><\/figure><\/div><div class=\"swiper-slide\" role=\"group\" aria-roledescription=\"slide\" aria-label=\"7 of 20\"><figure class=\"swiper-slide-inner\"><img decoding=\"async\" class=\"swiper-slide-image\" src=\"https:\/\/www.villas-sunrays.com\/wp-content\/uploads\/2022\/04\/Location_F6_Sainte_Anne_Martinique_16-150x150.jpg\" alt=\"Location_F6_Sainte_Anne_Martinique_16\" \/><\/figure><\/div><div class=\"swiper-slide\" role=\"group\" aria-roledescription=\"slide\" aria-label=\"8 of 20\"><figure class=\"swiper-slide-inner\"><img decoding=\"async\" class=\"swiper-slide-image\" src=\"https:\/\/www.villas-sunrays.com\/wp-content\/uploads\/2022\/04\/Location_F6_Sainte_Anne_Martinique_23-150x150.jpg\" alt=\"Location_F6_Sainte_Anne_Martinique_23\" \/><\/figure><\/div><div class=\"swiper-slide\" role=\"group\" aria-roledescription=\"slide\" aria-label=\"9 of 20\"><figure class=\"swiper-slide-inner\"><img decoding=\"async\" class=\"swiper-slide-image\" src=\"https:\/\/www.villas-sunrays.com\/wp-content\/uploads\/2022\/05\/Location_F6_Sainte_Anne_Martinique_21-150x150.jpg\" alt=\"Location_F6_Sainte_Anne_Martinique_21\" \/><\/figure><\/div><div class=\"swiper-slide\" role=\"group\" aria-roledescription=\"slide\" aria-label=\"10 of 20\"><figure class=\"swiper-slide-inner\"><img decoding=\"async\" class=\"swiper-slide-image\" src=\"https:\/\/www.villas-sunrays.com\/wp-content\/uploads\/2022\/04\/Location_F6_Sainte_Anne_Martinique_22-150x150.jpg\" alt=\"Location_F6_Sainte_Anne_Martinique_22\" \/><\/figure><\/div><div class=\"swiper-slide\" role=\"group\" aria-roledescription=\"slide\" aria-label=\"11 of 20\"><figure class=\"swiper-slide-inner\"><img decoding=\"async\" class=\"swiper-slide-image\" src=\"https:\/\/www.villas-sunrays.com\/wp-content\/uploads\/2022\/04\/Location_F6_Sainte_Anne_Martinique_25-150x150.jpg\" alt=\"Location_F6_Sainte_Anne_Martinique_25\" \/><\/figure><\/div><div class=\"swiper-slide\" role=\"group\" aria-roledescription=\"slide\" aria-label=\"12 of 20\"><figure class=\"swiper-slide-inner\"><img decoding=\"async\" class=\"swiper-slide-image\" src=\"https:\/\/www.villas-sunrays.com\/wp-content\/uploads\/2022\/04\/Location_F6_Sainte_Anne_Martinique_26-1-150x150.jpg\" alt=\"Location_F6_Sainte_Anne_Martinique_26\" \/><\/figure><\/div><div class=\"swiper-slide\" role=\"group\" aria-roledescription=\"slide\" aria-label=\"13 of 20\"><figure class=\"swiper-slide-inner\"><img decoding=\"async\" class=\"swiper-slide-image\" src=\"https:\/\/www.villas-sunrays.com\/wp-content\/uploads\/2022\/05\/Location_F6_Sainte_Anne_Martinique_27-150x150.jpg\" alt=\"Location_F6_Sainte_Anne_Martinique_27\" \/><\/figure><\/div><div class=\"swiper-slide\" role=\"group\" aria-roledescription=\"slide\" aria-label=\"14 of 20\"><figure class=\"swiper-slide-inner\"><img decoding=\"async\" class=\"swiper-slide-image\" src=\"https:\/\/www.villas-sunrays.com\/wp-content\/uploads\/2022\/04\/Location_F6_Sainte_Anne_Martinique_29-1-150x150.jpg\" alt=\"Location_F6_Sainte_Anne_Martinique_29\" \/><\/figure><\/div><div class=\"swiper-slide\" role=\"group\" aria-roledescription=\"slide\" aria-label=\"15 of 20\"><figure class=\"swiper-slide-inner\"><img decoding=\"async\" class=\"swiper-slide-image\" src=\"https:\/\/www.villas-sunrays.com\/wp-content\/uploads\/2022\/04\/Location_F6_Sainte_Anne_Martinique_18-150x150.jpg\" alt=\"Location_F6_Sainte_Anne_Martinique_18\" \/><\/figure><\/div><div class=\"swiper-slide\" role=\"group\" aria-roledescription=\"slide\" aria-label=\"16 of 20\"><figure class=\"swiper-slide-inner\"><img decoding=\"async\" class=\"swiper-slide-image\" src=\"https:\/\/www.villas-sunrays.com\/wp-content\/uploads\/2022\/04\/Location_F6_Sainte_Anne_Martinique_30-150x150.jpg\" alt=\"Location_F6_Sainte_Anne_Martinique_30\" \/><\/figure><\/div><div class=\"swiper-slide\" role=\"group\" aria-roledescription=\"slide\" aria-label=\"17 of 20\"><figure class=\"swiper-slide-inner\"><img decoding=\"async\" class=\"swiper-slide-image\" src=\"https:\/\/www.villas-sunrays.com\/wp-content\/uploads\/2022\/04\/Location_F6_Sainte_Anne_Martinique_33-150x150.jpg\" alt=\"Location_F6_Sainte_Anne_Martinique_33\" \/><\/figure><\/div><div class=\"swiper-slide\" role=\"group\" aria-roledescription=\"slide\" aria-label=\"18 of 20\"><figure class=\"swiper-slide-inner\"><img decoding=\"async\" class=\"swiper-slide-image\" src=\"https:\/\/www.villas-sunrays.com\/wp-content\/uploads\/2022\/04\/Location_F6_Sainte_Anne_Martinique_02-150x150.jpg\" alt=\"Location_F6_Sainte_Anne_Martinique_02\" \/><\/figure><\/div><div class=\"swiper-slide\" role=\"group\" aria-roledescription=\"slide\" aria-label=\"19 of 20\"><figure class=\"swiper-slide-inner\"><img decoding=\"async\" class=\"swiper-slide-image\" src=\"https:\/\/www.villas-sunrays.com\/wp-content\/uploads\/2022\/04\/Location_F6_Sainte_Anne_Martinique_36-150x150.jpg\" alt=\"Location_F6_Sainte_Anne_Martinique_36\" \/><\/figure><\/div><div class=\"swiper-slide\" role=\"group\" aria-roledescription=\"slide\" aria-label=\"20 of 20\"><figure class=\"swiper-slide-inner\"><img decoding=\"async\" class=\"swiper-slide-image\" src=\"https:\/\/www.villas-sunrays.com\/wp-content\/uploads\/2022\/05\/Location_F6_Sainte_Anne_Martinique_52-150x150.jpg\" alt=\"Location_F6_Sainte_Anne_Martinique_52\" \/><\/figure><\/div>\t\t\t<\/div>\n\t\t\t\t\t\t\t\t\t\t\t\t<div class=\"elementor-swiper-button elementor-swiper-button-prev\" role=\"button\" tabindex=\"0\">\n\t\t\t\t\t\t<i aria-hidden=\"true\" class=\"eicon-chevron-left\"><\/i>\t\t\t\t\t<\/div>\n\t\t\t\t\t<div class=\"elementor-swiper-button elementor-swiper-button-next\" role=\"button\" tabindex=\"0\">\n\t\t\t\t\t\t<i aria-hidden=\"true\" class=\"eicon-chevron-right\"><\/i>\t\t\t\t\t<\/div>\n\t\t\t\t\n\t\t\t\t\t\t\t\t\t<div class=\"swiper-pagination\"><\/div>\n\t\t\t\t\t\t\t\t\t<\/div>\n\t\t\t\t<\/div>\n\t\t\t\t<\/div>\n\t\t\t\t\t<\/div>\n\t\t<\/div>\n\t\t\t\t\t<\/div>\n\t\t<\/section>\n\t\t\t\t<section class=\"elementor-section elementor-top-section elementor-element elementor-element-496b80d4 elementor-section-boxed elementor-section-height-default elementor-section-height-default\" data-id=\"496b80d4\" data-element_type=\"section\">\n\t\t\t\t\t\t<div class=\"elementor-container elementor-column-gap-default\">\n\t\t\t\t\t<div class=\"elementor-column elementor-col-50 elementor-top-column elementor-element elementor-element-18704dba\" data-id=\"18704dba\" data-element_type=\"column\">\n\t\t\t<div class=\"elementor-widget-wrap elementor-element-populated\">\n\t\t\t\t\t\t<div class=\"elementor-element elementor-element-34e92fab elementor-widget elementor-widget-text-editor\" data-id=\"34e92fab\" data-element_type=\"widget\" data-widget_type=\"text-editor.default\">\n\t\t\t\t<div class=\"elementor-widget-container\">\n\t\t\t\t\t\t\t<p>Me Contacter<\/p><p><a href=\"tel:+596696324912\">+596 696 32 49 12<\/a><\/p><p>Email: <a href=\"mailto:lesunrays3@gmail.com\">lesunrays3@gmail.com<\/a><\/p>\t\t\t\t\t\t<\/div>\n\t\t\t\t<\/div>\n\t\t\t\t\t<\/div>\n\t\t<\/div>\n\t\t\t\t<div class=\"elementor-column elementor-col-50 elementor-top-column elementor-element elementor-element-409f2678\" data-id=\"409f2678\" data-element_type=\"column\">\n\t\t\t<div class=\"elementor-widget-wrap elementor-element-populated\">\n\t\t\t\t\t\t<div class=\"elementor-element elementor-element-4d50e5b4 elementor-widget elementor-widget-google_maps\" data-id=\"4d50e5b4\" data-element_type=\"widget\" data-widget_type=\"google_maps.default\">\n\t\t\t\t<div class=\"elementor-widget-container\">\n\t\t\t<style>\/*! elementor - v3.19.0 - 28-02-2024 *\/\n.elementor-widget-google_maps .elementor-widget-container{overflow:hidden}.elementor-widget-google_maps .elementor-custom-embed{line-height:0}.elementor-widget-google_maps iframe{height:300px}<\/style>\t\t<div class=\"elementor-custom-embed\">\n\t\t\t<iframe loading=\"lazy\"\n\t\t\t\t\tsrc=\"https:\/\/maps.google.com\/maps?q=10%20lot%20les%20oiseaux-97227-Sainte%20Anne-%20Martinique&#038;t=m&#038;z=10&#038;output=embed&#038;iwloc=near\"\n\t\t\t\t\ttitle=\"10 lot les oiseaux-97227-Sainte Anne- Martinique\"\n\t\t\t\t\taria-label=\"10 lot les oiseaux-97227-Sainte Anne- Martinique\"\n\t\t\t><\/iframe>\n\t\t<\/div>\n\t\t\t\t<\/div>\n\t\t\t\t<\/div>\n\t\t\t\t\t<\/div>\n\t\t<\/div>\n\t\t\t\t\t<\/div>\n\t\t<\/section>\n\t\t\t\t<\/div>\n\t\t","protected":false},"excerpt":{"rendered":"<p>Vous auriez la possibilit\u00e9 de r\u00e9server enti\u00e8rement la villa pour 8 \u00e0 10 voyageurs pour une famille nombreuse avec une piscine priv\u00e9e et terrasse spacieuse ainsi qu\u2019une literies et linge de maison de grande qualit\u00e9, une vaste terrasse, pour vous seul avec vos amis ou famille. Pr\u00e9c\u00e9dent Suivant Me Contacter +596 696 32 49 12 [&hellip;]<\/p>\n","protected":false},"author":1,"featured_media":0,"parent":0,"menu_order":0,"comment_status":"closed","ping_status":"closed","template":"elementor_header_footer","meta":{"footnotes":""},"class_list":["post-577","page","type-page","status-publish","hentry","entry"],"jetpack_sharing_enabled":true,"_links":{"self":[{"href":"https:\/\/www.villas-sunrays.com\/index.php\/wp-json\/wp\/v2\/pages\/577","targetHints":{"allow":["GET"]}}],"collection":[{"href":"https:\/\/www.villas-sunrays.com\/index.php\/wp-json\/wp\/v2\/pages"}],"about":[{"href":"https:\/\/www.villas-sunrays.com\/index.php\/wp-json\/wp\/v2\/types\/page"}],"author":[{"embeddable":true,"href":"https:\/\/www.villas-sunrays.com\/index.php\/wp-json\/wp\/v2\/users\/1"}],"replies":[{"embeddable":true,"href":"https:\/\/www.villas-sunrays.com\/index.php\/wp-json\/wp\/v2\/comments?post=577"}],"version-history":[{"count":26,"href":"https:\/\/www.villas-sunrays.com\/index.php\/wp-json\/wp\/v2\/pages\/577\/revisions"}],"predecessor-version":[{"id":625,"href":"https:\/\/www.villas-sunrays.com\/index.php\/wp-json\/wp\/v2\/pages\/577\/revisions\/625"}],"wp:attachment":[{"href":"https:\/\/www.villas-sunrays.com\/index.php\/wp-json\/wp\/v2\/media?parent=577"}],"curies":[{"name":"wp","href":"https:\/\/api.w.org\/{rel}","templated":true}]}}